{"id":16,"date":"2015-08-10T09:45:30","date_gmt":"2015-08-10T07:45:30","guid":{"rendered":"http:\/\/focubreil.ch.cassius.sui-inter.net\/wordpress\/?page_id=16"},"modified":"2021-01-05T10:17:12","modified_gmt":"2021-01-05T09:17:12","slug":"natira-e-cuntrada","status":"publish","type":"page","link":"https:\/\/focubreil.ch\/de\/natira-e-cuntrada\/","title":{"rendered":"Landschaft"},"content":{"rendered":"<p><\/p>\n<p class=\"p1\">Die Gemeinde Breil\/Brigels befindet sich in der Mitte der des romanischen Sprachgebiets der Surselva. Am rechten Rheinufer erstreckt sich das Gemeindegebiet \u00fcber einen steilen Streifen bis hinauf zum Plateau der Gemeinde Obersaxen\/Mundaun.<\/p>\n<p class=\"p1\">Auf der linken Seite des Rheins zieht es sich vom Talboden \u00fcber die sonnenseitigen Flanken bis zur Wasserscheide des Kistenpasses. Im Norden st\u00f6sst Brigels an den Kanton Glarus. Im Osten angrenzend ist es die Gemeinde Ilanz\/Glion und im Westen die Gemeinde Trun.<\/p>\n<p class=\"p1\">Die H\u00f6hendifferenzen innerhalb des Gemeindegebietes sind beachtlich. Das tiefstgelegene Kulturland am Rhein liegt auf knapp 800 m \u00fc. M. Die obersten Wiesen erreichen am Fuss der Viehalpen eine fast 1&#8217;000 m h\u00f6here Lage.<span class=\"Apple-converted-space\">&nbsp; <\/span>Die Viehalpen erstrecken sich von ungef\u00e4hr 1&#8217;500 m \u00fc. M. bis an den Rand der Vegetation. Die h\u00f6chsten Berggipfel sin \u00fcber 3&#8217;000 m hoch. Das Skigebiet am Fuss des P\u00e9z d\u2019Artgas liegt zwischen den Fl\u00fcssen Fl\u00e9m und Ladral, welche aus den beiden T\u00e4lern Frisal und Ladral fliessen. Der Schmuer bildet die Grenze gegen die Gemeinde Ilanz\/Glion.<\/p>\n<p>&nbsp;<\/p>\n<p class=\"p1\">Seit 2018 setzt sich die Gemeinde Breil\/Brigels aus f\u00fcnf D\u00f6rfern zusammen.<\/p>\n<p class=\"p1\"><b>Andiast<\/b> befindet sich auf einer sonnigen Terrasse auf ca. 1&#8217;200 m \u00fc. M. Es handerlt sich um Strassendorf. Andiast z\u00e4hlt ca. 200 Einwohner.<\/p>\n<p class=\"p1\"><b>Waltensburg\/Vuorz<\/b> ist ein typisches Strassendorf. Das Dorf befindet sich auf der breiten Terrasse zwischen den Fl\u00fcssen Fl\u00e9m und Rhein ca. 300 m \u00fcber dem Talboden. In Waltensburg leben ca. 340 Einwohner.<\/p>\n<p class=\"p1\"><b>Dardin<\/b> setzt sich aus sechs Weilern zusammen, die sich auf einer markanten Terrasse ca. 200 m \u00fcber dem Rhein befindet. Das Dorf z\u00e4hlt ca. 140 Einwohner.<\/p>\n<p class=\"p1\"><b>Danis-Tavanasa<\/b> befindet sich auf dem Talboden beidseits des Rheins auf ca. 800 m \u00fc. M. Die beiden D\u00f6rfer z\u00e4hlen zusammen ca. 430 Einwohner.<\/p>\n<p class=\"p1\"><b>Breil\/Brigels<\/b> liegt auf einer weitr\u00e4umigen Terrasse auf ca. 1&#8217;300 m \u00fc. M. W\u00e4hrend die alten Dorfteile ein Haufendorf um die Pfarrkirche bilden, sind die Ferienquartuiere an der Periferie des Dorfes gebaut. Der Hauptort der Gemeiunde Breil\/Brigels z\u00e4hlt 730 Einwohner.<\/p>\n<p><\/p>","protected":false},"excerpt":{"rendered":"<p>Die Gemeinde Breil\/Brigels befindet sich in der Mitte der des romanischen Sprachgebiets der Surselva. Am rechten Rheinufer erstreckt sich das Gemeindegebiet \u00fcber einen steilen Streifen bis hinauf zum Plateau der Gemeinde Obersaxen\/Mundaun. Auf der linken Seite des Rheins zieht es sich vom Talboden \u00fcber die sonnenseitigen Flanken bis zur Wasserscheide des Kistenpasses. Im Norden st\u00f6sst [&hellip;]<\/p>\n","protected":false},"author":1,"featured_media":0,"parent":0,"menu_order":6,"comment_status":"open","ping_status":"closed","template":"","meta":{"ngg_post_thumbnail":0,"footnotes":""},"class_list":["post-16","page","type-page","status-publish","hentry"],"_links":{"self":[{"href":"https:\/\/focubreil.ch\/de\/wp-json\/wp\/v2\/pages\/16","targetHints":{"allow":["GET"]}}],"collection":[{"href":"https:\/\/focubreil.ch\/de\/wp-json\/wp\/v2\/pages"}],"about":[{"href":"https:\/\/focubreil.ch\/de\/wp-json\/wp\/v2\/types\/page"}],"author":[{"embeddable":true,"href":"https:\/\/focubreil.ch\/de\/wp-json\/wp\/v2\/users\/1"}],"replies":[{"embeddable":true,"href":"https:\/\/focubreil.ch\/de\/wp-json\/wp\/v2\/comments?post=16"}],"version-history":[{"count":24,"href":"https:\/\/focubreil.ch\/de\/wp-json\/wp\/v2\/pages\/16\/revisions"}],"predecessor-version":[{"id":2931,"href":"https:\/\/focubreil.ch\/de\/wp-json\/wp\/v2\/pages\/16\/revisions\/2931"}],"wp:attachment":[{"href":"https:\/\/focubreil.ch\/de\/wp-json\/wp\/v2\/media?parent=16"}],"curies":[{"name":"wp","href":"https:\/\/api.w.org\/{rel}","templated":true}]}}