{"id":208,"date":"2015-08-17T15:44:48","date_gmt":"2015-08-17T13:44:48","guid":{"rendered":"http:\/\/focubreil.ch.cassius.sui-inter.net\/wordpress\/?page_id=208"},"modified":"2024-06-22T13:21:01","modified_gmt":"2024-06-22T11:21:01","slug":"plaz-da-termagliar","status":"publish","type":"page","link":"https:\/\/focubreil.ch\/de\/activitads\/plaz-da-termagliar\/","title":{"rendered":"Kulturf\u00fchrungen"},"content":{"rendered":"<p>Zusammen mit mira!cultura Surselva und Surselva Tourismus hat das Forum cultural verschiedene kulturhistorische F\u00fchrungen entwickelt. Diese werden der ganzen Bev\u00f6lkerung und den Ferieng\u00e4sten angeboten. Veronica Cathomen-Casanova, David Flepp und Michael Friberg haben die Ausbildung als B\u00fcndner Kulturf\u00fchrer absolviert und freuen sich, Sie durch unsere D\u00f6rfer zu f\u00fchren.&nbsp;<\/p>\n<p>Nat\u00fcrlich kann man die F\u00fchrungen auch f\u00fcr spezielle Anl\u00e4sse und Familienfeste buchen. Nehmen Sie Kontakt auf mit:<\/p>\n<p>Surselva Tourismus Info Brigels<br \/>\nwww.museumregiunal.ch\/mira!cultura<br \/>\nMichael Friberg<\/p>\n<p>&nbsp;<\/p>\n<table style=\"border-collapse: collapse; width: 100%; height: 595px;\">\n<tbody>\n<tr style=\"height: 585px;\">\n<td style=\"width: 100%; height: 585px;\"><strong>Breil\/Brigels<\/strong><\/p>\n<p><strong>mira!cultura &nbsp;Kulturgeschichtliche Dorff\u00fchrung<\/strong><br \/>\n<strong>Die Metamorphose eines Bergdorfes<\/strong><\/p>\n<p>Nach einer generellen Einf\u00fchrung \u00fcber das Dorf und die Gemeinde Breil\/Brigels, bricht die Gruppe auf in Richtung Dorfplatz nach Crestas-sut. Dort wird ein alter Bauernhof mit all seinen baulichen Elementen vorgestellt. In Crestas-su hat man eine gute \u00dcbersicht \u00fcber das ganze Dorf. Hier wird \u00fcber die Entstehung des Dorfes und \u00fcber seine Geschichte bis in die f\u00fcnfziger Jahre des letzten Jahrhunderts&nbsp; erz\u00e4hlt. Mit der Pfarrkirche und den drei Kapellen trifft man in Breil auf eine sehr reichhaltige Sakralkunst. Am Beispiel der Wegkapelle Sankt Jakob wird dar\u00fcber berichtet. Dann f\u00fchrt der Weg durch neue vom Tourismus erschlossene Dorfteile. Eine gute M\u00f6glichkeit, die touristische Entwicklung des Dorfes zu erl\u00e4utern. Nach einem kurzen Spaziergang zum \u00e4ltesten Dorfteil erfahren die Teilnehmer etwas \u00fcber das \u00e4lteste schriftliche Dokument der Gemeinde. In Pundual steht das einzige Denkmal des Dorfes. Es wurde zu Ehren des ber\u00fchmtesten Schriftstellers der Romantschia erstellt. &nbsp;Anschliessend wird die F\u00fchrung auf dem Dorfplatz abgeschlossen.<\/p>\n<p>Diese F\u00fchrung kann von Gruppen auch zu individuell vereinbarten Daten gebucht werden:<br \/>\nSurselva Tourismus Info Brigels<br \/>\noder mira!cultura Surselva<br \/>\n<a href=\"http:\/\/miracultura.ch\">miracultura.ch<\/a><\/p>\n<p>&nbsp;<\/td>\n<\/tr>\n<tr style=\"height: 10px;\">\n<td style=\"width: 100%; height: 10px;\"><strong>mira!cultura &nbsp;Sprachf\u00fchrung<\/strong><br \/>\n<strong>Per gassas e streglias &#8222;laufend&#8220; Romanisch lernen<\/strong>Lassen Sie sich an versteckte Orte in Brigels f\u00fchren, die von der<strong>&nbsp;romanischen Sprache und Kultur<\/strong>&nbsp;erz\u00e4hlen. Bei dieser F\u00fchrung erfahren Sie viel Spannendes zur Geschichte, Kultur und aktuellen Situation der vierten Landessprache.&nbsp;<br \/>\nUnd &#8222;sco uetta silla petta&#8220;, also als Sahneh\u00e4ubchen, k\u00f6nnen Sie einen Romanisch-Crash-Kurs belegen und eine romanische Grussbotschaft auf eine Postkarte schreiben und verschicken.&nbsp;Diese F\u00fchrung kann von Gruppen auch zu individuell vereinbarten Daten gebucht werden:<br \/>\nSurselva Tourismus Info Brigels<br \/>\noder mira!cultura Surselva<br \/>\n<a href=\"http:\/\/miracultura.ch\">miracultura.ch<\/a><\/td>\n<\/tr>\n<\/tbody>\n<\/table>\n<p><\/p>","protected":false},"excerpt":{"rendered":"<p>Zusammen mit mira!cultura Surselva und Surselva Tourismus hat das Forum cultural verschiedene kulturhistorische F\u00fchrungen entwickelt. Diese werden der ganzen Bev\u00f6lkerung und den Ferieng\u00e4sten angeboten. Veronica Cathomen-Casanova, David Flepp und Michael Friberg haben die Ausbildung als B\u00fcndner Kulturf\u00fchrer absolviert und freuen sich, Sie durch unsere D\u00f6rfer zu f\u00fchren.&nbsp; Nat\u00fcrlich kann man die F\u00fchrungen auch f\u00fcr spezielle [&hellip;]<\/p>\n","protected":false},"author":1,"featured_media":0,"parent":331,"menu_order":2,"comment_status":"open","ping_status":"open","template":"","meta":{"ngg_post_thumbnail":0,"footnotes":""},"class_list":["post-208","page","type-page","status-publish","hentry"],"_links":{"self":[{"href":"https:\/\/focubreil.ch\/de\/wp-json\/wp\/v2\/pages\/208","targetHints":{"allow":["GET"]}}],"collection":[{"href":"https:\/\/focubreil.ch\/de\/wp-json\/wp\/v2\/pages"}],"about":[{"href":"https:\/\/focubreil.ch\/de\/wp-json\/wp\/v2\/types\/page"}],"author":[{"embeddable":true,"href":"https:\/\/focubreil.ch\/de\/wp-json\/wp\/v2\/users\/1"}],"replies":[{"embeddable":true,"href":"https:\/\/focubreil.ch\/de\/wp-json\/wp\/v2\/comments?post=208"}],"version-history":[{"count":103,"href":"https:\/\/focubreil.ch\/de\/wp-json\/wp\/v2\/pages\/208\/revisions"}],"predecessor-version":[{"id":4178,"href":"https:\/\/focubreil.ch\/de\/wp-json\/wp\/v2\/pages\/208\/revisions\/4178"}],"up":[{"embeddable":true,"href":"https:\/\/focubreil.ch\/de\/wp-json\/wp\/v2\/pages\/331"}],"wp:attachment":[{"href":"https:\/\/focubreil.ch\/de\/wp-json\/wp\/v2\/media?parent=208"}],"curies":[{"name":"wp","href":"https:\/\/api.w.org\/{rel}","templated":true}]}}