{"id":2562,"date":"2020-02-12T14:21:51","date_gmt":"2020-02-12T13:21:51","guid":{"rendered":"http:\/\/focubreil.ch\/?page_id=2562"},"modified":"2024-02-10T11:32:52","modified_gmt":"2024-02-10T10:32:52","slug":"publicaziuns","status":"publish","type":"page","link":"https:\/\/focubreil.ch\/de\/projects-e-sitzun\/publicaziuns\/","title":{"rendered":"Publikationen"},"content":{"rendered":"<p><\/p>\n<table style=\"height: 173px;\" width=\"510\">\n<tbody>\n<tr>\n<td><img loading=\"lazy\" decoding=\"async\" class=\"alignnone size-thumbnail wp-image-2270\" src=\"https:\/\/focubreil.ch\/wordpress\/wp-content\/uploads\/2019\/01\/Scan-150x150.jpeg\" alt=\"\" width=\"150\" height=\"150\"><\/td>\n<td><strong>Breil\/Brigels<\/strong> von Isabelle Metzen<\/p>\n<p>Wimmelbuch<\/p>\n<p>Kommt mit uns auf eine kleine Reise durch das idyllische Bergdorf in den B\u00fcndner Alpen. Wir beobachten zusammen das Dorfgeschehen. Wenn ihr genau hinschaut, findet ihr allerlei, Sch\u00f6nes, Lustiges, Bezauberndes und sogar Skurriles.&nbsp;<\/p>\n<p>Zu beziehen bei Breil\/Brigels Tourismus.<\/p>\n<p>&nbsp;<\/td>\n<\/tr>\n<tr>\n<td>&nbsp;<\/td>\n<td>&nbsp;<\/td>\n<\/tr>\n<tr>\n<td><img loading=\"lazy\" decoding=\"async\" class=\"alignnone wp-image-1584\" src=\"http:\/\/focubreil.ch\/wordpress\/wp-content\/uploads\/2016\/12\/Sendas.jpeg\" alt=\"sendas\" width=\"141\" height=\"201\" srcset=\"https:\/\/focubreil.ch\/wordpress\/wp-content\/uploads\/2016\/12\/Sendas.jpeg 1724w, https:\/\/focubreil.ch\/wordpress\/wp-content\/uploads\/2016\/12\/Sendas-211x300.jpeg 211w, https:\/\/focubreil.ch\/wordpress\/wp-content\/uploads\/2016\/12\/Sendas-721x1024.jpeg 721w\" sizes=\"auto, (max-width: 141px) 100vw, 141px\" \/><\/td>\n<td>Die Brosch\u00fcre&nbsp;<strong>&#8222;Sendas historicas&#8220;<\/strong> hat das Forum cultural Breil im Jahr 2011 herausgegeben. Die historischen Wanderwege sind ein Angebot f\u00fcr die einheimische Bev\u00f6lkerung und f\u00fcr die Ferieng\u00e4ste. Die Text stammen von Bistgaun Cathomen und &nbsp;Werner Carigiet.<\/p>\n<p>Zu beziehen bei Breil\/Brigels Tourismus.<\/td>\n<\/tr>\n<tr>\n<td>&nbsp;<\/td>\n<td>&nbsp;<\/td>\n<\/tr>\n<tr>\n<td>&nbsp;<img loading=\"lazy\" decoding=\"async\" class=\"alignnone size-thumbnail wp-image-1589\" src=\"https:\/\/focubreil.ch\/wordpress\/wp-content\/uploads\/2016\/12\/Br-s.-Martin-150x150.jpeg\" alt=\"\" width=\"150\" height=\"150\"><\/td>\n<td>1995 hat die Kirchgemeinde Breul\/Brigels beschlossen, die Kapelle Sankt Martin zu sanieren.&nbsp;In diesem Zusammenhang hat J\u00fcrgen Thies, ein langj\u00e4hriger und treuer Fereingast ein Buch \u00fcber diese Kapelle herausgegeben. Das Buch tr\u00e4gt den Titel:&nbsp;<strong>&#8222;Die Kapelle St. Martin in Brigels<\/strong> <strong>&#8211; Ihre Ausstrahlung auf Religion, Kunst und Seelenheil&#8220;<\/strong>.<\/p>\n<p>Zu beziehen bei Breil\/Brigels Tourismus.<\/td>\n<\/tr>\n<tr>\n<td>&nbsp;<\/td>\n<td>&nbsp;<\/td>\n<\/tr>\n<tr>\n<td><img loading=\"lazy\" decoding=\"async\" class=\"alignnone size-medium wp-image-2051\" src=\"http:\/\/focubreil.ch\/wordpress\/wp-content\/uploads\/2018\/06\/Nossa-punt-300x212.jpeg\" alt=\"\" width=\"300\" height=\"212\" srcset=\"https:\/\/focubreil.ch\/wordpress\/wp-content\/uploads\/2018\/06\/Nossa-punt-300x212.jpeg 300w, https:\/\/focubreil.ch\/wordpress\/wp-content\/uploads\/2018\/06\/Nossa-punt-768x543.jpeg 768w, https:\/\/focubreil.ch\/wordpress\/wp-content\/uploads\/2018\/06\/Nossa-punt-1024x724.jpeg 1024w\" sizes=\"auto, (max-width: 300px) 100vw, 300px\" \/><\/td>\n<td><strong>Nossa Punt\u201c<\/strong> von Wilfried Dechau<\/p>\n<p>In Zusammenarbeit mit anderen Autoren hat der Fotograf Wilfried Dessau die sieben Br\u00fccken von Tavanasa in Text und Bild dokumentiert. Das Buch ist dreisprachig geschrieben: Romanisch, Deutsch und Englisch.&nbsp;<br \/>\nAuf 145 Seiten wird die Geschichte der Br\u00fccken von Tavanasa meisterhaft dargestellt.<\/p>\n<p>Zu beziehen bei Breil\/Brigels Tourismus.<\/td>\n<\/tr>\n<\/tbody>\n<\/table>\n<p><\/p>","protected":false},"excerpt":{"rendered":"<p>Breil\/Brigels von Isabelle Metzen Wimmelbuch Kommt mit uns auf eine kleine Reise durch das idyllische Bergdorf in den B\u00fcndner Alpen. Wir beobachten zusammen das Dorfgeschehen. Wenn ihr genau hinschaut, findet ihr allerlei, Sch\u00f6nes, Lustiges, Bezauberndes und sogar Skurriles.&nbsp; Zu beziehen bei Breil\/Brigels Tourismus. &nbsp; &nbsp; &nbsp; Die Brosch\u00fcre&nbsp;&#8222;Sendas historicas&#8220; hat das Forum cultural Breil im [&hellip;]<\/p>\n","protected":false},"author":2,"featured_media":0,"parent":18,"menu_order":1,"comment_status":"closed","ping_status":"closed","template":"","meta":{"ngg_post_thumbnail":0,"footnotes":""},"class_list":["post-2562","page","type-page","status-publish","hentry"],"_links":{"self":[{"href":"https:\/\/focubreil.ch\/de\/wp-json\/wp\/v2\/pages\/2562","targetHints":{"allow":["GET"]}}],"collection":[{"href":"https:\/\/focubreil.ch\/de\/wp-json\/wp\/v2\/pages"}],"about":[{"href":"https:\/\/focubreil.ch\/de\/wp-json\/wp\/v2\/types\/page"}],"author":[{"embeddable":true,"href":"https:\/\/focubreil.ch\/de\/wp-json\/wp\/v2\/users\/2"}],"replies":[{"embeddable":true,"href":"https:\/\/focubreil.ch\/de\/wp-json\/wp\/v2\/comments?post=2562"}],"version-history":[{"count":17,"href":"https:\/\/focubreil.ch\/de\/wp-json\/wp\/v2\/pages\/2562\/revisions"}],"predecessor-version":[{"id":4079,"href":"https:\/\/focubreil.ch\/de\/wp-json\/wp\/v2\/pages\/2562\/revisions\/4079"}],"up":[{"embeddable":true,"href":"https:\/\/focubreil.ch\/de\/wp-json\/wp\/v2\/pages\/18"}],"wp:attachment":[{"href":"https:\/\/focubreil.ch\/de\/wp-json\/wp\/v2\/media?parent=2562"}],"curies":[{"name":"wp","href":"https:\/\/api.w.org\/{rel}","templated":true}]}}