{"id":2811,"date":"2020-03-14T11:19:31","date_gmt":"2020-03-14T10:19:31","guid":{"rendered":"https:\/\/focubreil.ch\/?page_id=2811"},"modified":"2020-11-01T15:38:51","modified_gmt":"2020-11-01T14:38:51","slug":"die-schanzen-von-rubi","status":"publish","type":"page","link":"https:\/\/focubreil.ch\/de\/die-schanzen-von-rubi\/","title":{"rendered":"Die Schanzen von Rubi-sut"},"content":{"rendered":"<p>1789 hat man in der Schlucht in Rubi-sut Schanzen errichtet, um gegen die Franzosen zu k\u00e4mpfen, falls diese von Linthal \u00fcber den Kistenpass kommen sollten.<\/p>\n<p>Das entsprechende Dokument befindet sich im Gemeindearchiv und enth\u00e4lt folgenden Inhalt:<\/p>\n<p>Am 29. September des Jahres 1798 ist unsere Gemeinde (Brigels) einhellig \u00fcbereingekommen, beauftragt vom l\u00f6blichem Kriegsrat unserer l\u00f6blichen Gerichtsgemeinde (der Cadi), zur Halde zuvorderst in der Schlucht von Rubi hinaufzugehen. Dort wurden zwei Schanzen errichtet, gut, aber nur gemauert. Und es wurden Steine bereitgestellt, um sie hinunterzurollen, und dies als Schutzwehr gegen die Franzosen, die in Linthal waren; wobei die l\u00f6bliche Gemeinde Trun auch dazu aufgeboten worden w\u00e4re, falls wir dies n\u00f6tig gehabt h\u00e4tten, aber wir kamen ohne sie aus, denn alle (von Brigels) machten mit, eine Person pro Haushalt, und alle haben dies nach bestem Wissen und K\u00f6nnen gemacht.<\/p>\n<p>Der Historiker J\u00fcrg St\u00fcssi-Lauterburg sagt dazu: \u00abDas waren Vorbereitungen f\u00fcr den Fall eines sp\u00e4teren Angriffs der Franzosen wie sie ihn ja 1799 tats\u00e4chlich ins Auge&nbsp;gefasst haben. Kein Kriegsereignis, sondern eine zeitige Vorbereitung, um&nbsp;die Verteidigung zu erleichtern.\u00bb Es kam in Val Frisal zu keiner kriegerischen Auseinandersetzung. Die Schutzwehren aber, sie sind geblieben und zeugen von einem bemerkenswerten Sachverhalt in jener Zeit im Kampf gegen die Franzosen.<\/p>\n<p>Der Verein Forum cultural Breil beabsichtigt, die zum Teil eingewachsenen Schutzwehren im Sommer 2021 wieder in Stand zu stellen.&nbsp;<\/p>\n<p>&nbsp;<\/p>","protected":false},"excerpt":{"rendered":"<p>1789 hat man in der Schlucht in Rubi-sut Schanzen errichtet, um gegen die Franzosen zu k\u00e4mpfen, falls diese von Linthal \u00fcber den Kistenpass kommen sollten. Das entsprechende Dokument befindet sich im Gemeindearchiv und enth\u00e4lt folgenden Inhalt: Am 29. September des Jahres 1798 ist unsere Gemeinde (Brigels) einhellig \u00fcbereingekommen, beauftragt vom l\u00f6blichem Kriegsrat unserer l\u00f6blichen Gerichtsgemeinde [&hellip;]<\/p>\n","protected":false},"author":3,"featured_media":0,"parent":0,"menu_order":0,"comment_status":"closed","ping_status":"closed","template":"","meta":{"ngg_post_thumbnail":0,"footnotes":""},"class_list":["post-2811","page","type-page","status-publish","hentry"],"_links":{"self":[{"href":"https:\/\/focubreil.ch\/de\/wp-json\/wp\/v2\/pages\/2811","targetHints":{"allow":["GET"]}}],"collection":[{"href":"https:\/\/focubreil.ch\/de\/wp-json\/wp\/v2\/pages"}],"about":[{"href":"https:\/\/focubreil.ch\/de\/wp-json\/wp\/v2\/types\/page"}],"author":[{"embeddable":true,"href":"https:\/\/focubreil.ch\/de\/wp-json\/wp\/v2\/users\/3"}],"replies":[{"embeddable":true,"href":"https:\/\/focubreil.ch\/de\/wp-json\/wp\/v2\/comments?post=2811"}],"version-history":[{"count":7,"href":"https:\/\/focubreil.ch\/de\/wp-json\/wp\/v2\/pages\/2811\/revisions"}],"predecessor-version":[{"id":2890,"href":"https:\/\/focubreil.ch\/de\/wp-json\/wp\/v2\/pages\/2811\/revisions\/2890"}],"wp:attachment":[{"href":"https:\/\/focubreil.ch\/de\/wp-json\/wp\/v2\/media?parent=2811"}],"curies":[{"name":"wp","href":"https:\/\/api.w.org\/{rel}","templated":true}]}}