{"id":3171,"date":"2023-01-06T10:21:21","date_gmt":"2023-01-06T09:21:21","guid":{"rendered":"https:\/\/focubreil.ch\/?page_id=3171"},"modified":"2025-12-05T12:02:05","modified_gmt":"2025-12-05T11:02:05","slug":"faustapiuniera","status":"publish","type":"page","link":"https:\/\/focubreil.ch\/de\/faustapiuniera\/","title":{"rendered":"Fausta piuniera"},"content":{"rendered":"<p><strong>Fausta piuniera<\/strong><\/p>\n<p><strong>150 Jahre Tourismus in Breil\/Brigels \u2013 eine Hommage<\/strong><\/p>\n<p><em>Frauen wie Fausta Capaul, die Geschichte geschrieben haben, sind selten in der Surselva. Sie wurde bisher auch kaum gewu\u0308rdigt. Das Jubil\u00e4umsjahr mit dem Fokus \u00ab150 Jahre Tourismus in Brigels\u00bb hat dies ge\u00e4ndert. Fausta Capaul war eine emanzipierte Frau, eine unabh\u00e4ngige Person mit einem eigenen Gesch\u00e4ft. Ihr Gasthaus Casa Fausta Capaul ist immer noch gut bekannt und darf als Geburtsst\u00e4tte der heutigen Destination Brigels Waltensburg Andiast betrachtet werden. Die u\u0308ber das ganze Jahr 2023 verteilte Hommage, hat eine Ann\u00e4herung an die Person Fausta Capaul, an ihre Zeit und an die Anf\u00e4nge des Tourismus erm\u00f6glichen sollen.<\/em><\/p>\n<p><strong>Illustre G\u00e4ste in der Casa Fausta Capaul<\/strong><\/p>\n<p><em>\u00abDie \u00dcbernachtung mit Pension im Gasthof kostet m\u00e4ssige 5 Franken,\u00bb steht im ersten Inserat von Fausta Capaul aus dem Jahr 1873 und sie l\u00e4dt ihre Ferieng\u00e4ste nach Brigels ein, dem \u00abLuft- und Molken-Curort\u00bb. Mitten im Dorf, gleich neben der Kirche, fu\u0308hrt die junge Frau ihre neue Pension. Wie das immer noch vorhandene G\u00e4stebuch zeigt, hat die junge Hotelierin und Wirtin Erfolg. Zahlreiche beru\u0308hmte G\u00e4ste aus der ganzen Welt von Paris u\u0308ber New York bis Sankt Petersburg haben bei ihr u\u0308bernachtet. Den prominentesten Besuch gibt es im Sommer 1893 mit der K\u00f6nigin von Holland Wilhelmina Helena Pauline Maria von Oranien-Nassau und ihrer Entourage.<\/em><\/p>\n<p><em>Alle Veranstaltungen wurden zweisprachig (romontsch\/deutsch) durchgefu\u0308hrt. Die drei Brigelser Gesch\u00e4fte B\u00e4ckerei Gabriel, K\u00e4serei Grob und Metzgerei Schmed produzierten und verkauften im Jubil\u00e4umsjahr eigene Produkte unter der Marke \u2018Fausta piuniera\u2019.<\/em><\/p>\n<p><a href=\"https:\/\/youtu.be\/CF04x1KcnoA\" target=\"_blank\" rel=\"noopener\">Video | FAUSTA piuniera | save the date<\/a><\/p>\n<p><a href=\"https:\/\/youtu.be\/STNoidCjk5E\">Video | FAUSTA piuniera |Crowdfunding<\/a><\/p>\n<p><a href=\"https:\/\/www.instagram.com\/faustapiuniera\/\">Instagram<\/a><\/p>\n<p><a href=\"https:\/\/www.facebook.com\/profile.php?id=100090838097836\">Facebook<\/a><\/p>\n<p>&nbsp;<\/p>","protected":false},"excerpt":{"rendered":"<p>Fausta piuniera 150 Jahre Tourismus in Breil\/Brigels \u2013 eine Hommage Frauen wie Fausta Capaul, die Geschichte geschrieben haben, sind selten in der Surselva. Sie wurde bisher auch kaum gewu\u0308rdigt. Das Jubil\u00e4umsjahr mit dem Fokus \u00ab150 Jahre Tourismus in Brigels\u00bb hat dies ge\u00e4ndert. Fausta Capaul war eine emanzipierte Frau, eine unabh\u00e4ngige Person mit einem eigenen Gesch\u00e4ft. [&hellip;]<\/p>\n","protected":false},"author":3,"featured_media":0,"parent":0,"menu_order":0,"comment_status":"closed","ping_status":"closed","template":"","meta":{"ngg_post_thumbnail":0,"footnotes":""},"class_list":["post-3171","page","type-page","status-publish","hentry"],"_links":{"self":[{"href":"https:\/\/focubreil.ch\/de\/wp-json\/wp\/v2\/pages\/3171","targetHints":{"allow":["GET"]}}],"collection":[{"href":"https:\/\/focubreil.ch\/de\/wp-json\/wp\/v2\/pages"}],"about":[{"href":"https:\/\/focubreil.ch\/de\/wp-json\/wp\/v2\/types\/page"}],"author":[{"embeddable":true,"href":"https:\/\/focubreil.ch\/de\/wp-json\/wp\/v2\/users\/3"}],"replies":[{"embeddable":true,"href":"https:\/\/focubreil.ch\/de\/wp-json\/wp\/v2\/comments?post=3171"}],"version-history":[{"count":18,"href":"https:\/\/focubreil.ch\/de\/wp-json\/wp\/v2\/pages\/3171\/revisions"}],"predecessor-version":[{"id":4224,"href":"https:\/\/focubreil.ch\/de\/wp-json\/wp\/v2\/pages\/3171\/revisions\/4224"}],"wp:attachment":[{"href":"https:\/\/focubreil.ch\/de\/wp-json\/wp\/v2\/media?parent=3171"}],"curies":[{"name":"wp","href":"https:\/\/api.w.org\/{rel}","templated":true}]}}