{"id":331,"date":"2015-09-04T15:24:08","date_gmt":"2015-09-04T13:24:08","guid":{"rendered":"http:\/\/focubreil.ch.cassius.sui-inter.net\/wordpress\/?page_id=331"},"modified":"2024-11-07T11:18:13","modified_gmt":"2024-11-07T10:18:13","slug":"activitads","status":"publish","type":"page","link":"https:\/\/focubreil.ch\/de\/activitads\/","title":{"rendered":"Aktuell"},"content":{"rendered":"<p>Hier werden Sie \u00fcber die Aktivit\u00e4ten des Vereins Forum cultural Breil informiert.<br \/>\nInformationen finden Sie auf der romanischen Seite.<\/p>\n<p>Unter Kulturf\u00fchrungen und Veranstaltungen erfahren Sie, welche kulturelle Aktivit\u00e4ten im Moment angeboten werden.&nbsp;<\/p>","protected":false},"excerpt":{"rendered":"<p>Hier werden Sie \u00fcber die Aktivit\u00e4ten des Vereins Forum cultural Breil informiert. Informationen finden Sie auf der romanischen Seite. Unter Kulturf\u00fchrungen und Veranstaltungen erfahren Sie, welche kulturelle Aktivit\u00e4ten im Moment angeboten werden.&nbsp;<\/p>\n","protected":false},"author":2,"featured_media":0,"parent":0,"menu_order":7,"comment_status":"open","ping_status":"open","template":"","meta":{"ngg_post_thumbnail":0,"footnotes":""},"class_list":["post-331","page","type-page","status-publish","hentry"],"_links":{"self":[{"href":"https:\/\/focubreil.ch\/de\/wp-json\/wp\/v2\/pages\/331","targetHints":{"allow":["GET"]}}],"collection":[{"href":"https:\/\/focubreil.ch\/de\/wp-json\/wp\/v2\/pages"}],"about":[{"href":"https:\/\/focubreil.ch\/de\/wp-json\/wp\/v2\/types\/page"}],"author":[{"embeddable":true,"href":"https:\/\/focubreil.ch\/de\/wp-json\/wp\/v2\/users\/2"}],"replies":[{"embeddable":true,"href":"https:\/\/focubreil.ch\/de\/wp-json\/wp\/v2\/comments?post=331"}],"version-history":[{"count":80,"href":"https:\/\/focubreil.ch\/de\/wp-json\/wp\/v2\/pages\/331\/revisions"}],"predecessor-version":[{"id":4190,"href":"https:\/\/focubreil.ch\/de\/wp-json\/wp\/v2\/pages\/331\/revisions\/4190"}],"wp:attachment":[{"href":"https:\/\/focubreil.ch\/de\/wp-json\/wp\/v2\/media?parent=331"}],"curies":[{"name":"wp","href":"https:\/\/api.w.org\/{rel}","templated":true}]}}