{"id":3530,"date":"2024-01-10T17:07:11","date_gmt":"2024-01-10T16:07:11","guid":{"rendered":"https:\/\/focubreil.ch\/?page_id=3530"},"modified":"2024-01-11T17:25:35","modified_gmt":"2024-01-11T16:25:35","slug":"medienmitteilungen-und-presseberichte","status":"publish","type":"page","link":"https:\/\/focubreil.ch\/de\/faustapiuniera\/hommage\/medienmitteilungen-und-presseberichte\/","title":{"rendered":"Medienmitteilungen und Presseberichte"},"content":{"rendered":"<p>Das Jubil\u00e4umsjahr organisiert ein Komitee pr\u00e4sidiert von Otmar Seiler. Beteiligt sind das Forum cultural Breil, Surselva Tourismus, die Uniun dramatica Breil (Theaterverein Brigels) und die cumminonza da mummas e dunnas Breil (Frauenverein Brigels).<\/p>\n<p>&gt; <a href=\"https:\/\/issuu.com\/surselva\/docs\/medienmitteilung_deutsch\" target=\"_blank\" rel=\"noopener\">Medienmitteilung Dezember 2022<\/a><br \/>\n&gt; <a href=\"https:\/\/issuu.com\/surselva\/docs\/communicau_rumantsch\" target=\"_blank\" rel=\"noopener\">Communicaziun allas medias december 2022<\/a><\/p>\n<h2>&nbsp;<\/h2>\n<h2>Presseberichte \u00abFAUSTA piuniera\u00bb<\/h2>\n<p>Hier finden Sie alle Presseberichte rund um die Hommage \u00abFAUSTA piuniera: 150 Jahre Tourismus in Breil\/Brigels\u00bb.<br \/>\nDie Er\u00f6ffnungsveranstaltung bei der Gedenkst\u00e4tte Curtgin Crest La Crusch am Pfingstmontag lancierte das Projekt FAUSTA piuniera. Die Bilderausstellung des Malers Charles Flach, \u00abil pictur da Breil\u00bb \u2013 ein treuer Gast der Casa Fausta Capaul \u2013 findet im Juli und August statt und den H\u00f6hepunkt bildet die szenisch-musikalische Freilichtauff\u00fchrung im Garten vor der Casa Fausta Capaul. Die Schlussveranstaltung schliesst das Jubil\u00e4umsjahr ab und wagt einen Blick in die Zukunft der Tourismusdestination Breil\/Brigels.<\/p>\n<p>Unten finden Sie eine Auflistung der Publikationen mit der direkten Verlinkung zum Inserat.<\/p>\n<table style=\"background-color: #f2f2f2;\">\n<tbody>\n<tr>\n<td style=\"background-color: #dbdbdb;\"><strong>Publikationsdaten&nbsp;&nbsp;<\/strong><\/td>\n<td style=\"background-color: #dbdbdb;\"><strong>Sprache<\/strong><\/td>\n<td style=\"background-color: #dbdbdb;\"><strong>Artikel<\/strong><\/td>\n<\/tr>\n<tr style=\"border-color: #dbdbdb;\">\n<td width=\"69\" valign=\"top\">12.2022<\/td>\n<td width=\"78\" valign=\"top\">Romanisch<\/td>\n<td><a href=\"https:\/\/issuu.com\/surselva\/docs\/communicau_rumantsch\" target=\"_blank\" rel=\"noopener\">Communicaziunallas medias<\/a><\/td>\n<\/tr>\n<tr style=\"border-color: #dbdbdb;\">\n<td width=\"69\" valign=\"top\">12.2022<\/td>\n<td width=\"78\" valign=\"top\">Deutsch<\/td>\n<td><a href=\"https:\/\/issuu.com\/surselva\/docs\/medienmitteilung_deutsch\" target=\"_blank\" rel=\"noopener\">Medienmitteilung<\/a><\/td>\n<\/tr>\n<tr style=\"border-color: #dbdbdb;\">\n<td width=\"69\" valign=\"top\">20.12.2022<\/td>\n<td width=\"78\" valign=\"top\">Deutsch<\/td>\n<td><a href=\"https:\/\/www.suedostschweiz.ch\/FaustaCapaul\" target=\"_blank\" rel=\"noopener\">S\u00fcdostschweiz:&nbsp;Fausta Capaul: Bei ihr war sogar die K\u00f6nigin von Holland zu Gast<\/a><\/td>\n<\/tr>\n<tr style=\"border-color: #dbdbdb;\">\n<td width=\"69\" valign=\"top\">30.12.2022<\/td>\n<td width=\"78\" valign=\"top\">Deutsch<\/td>\n<td><a href=\"https:\/\/www.digezz.ch\/la-fausta-piuniera-eine-hommage\/\" target=\"_blank\" rel=\"noopener\">Digezz&nbsp;La Fausta piuniera \u2013 eine Hommage<\/a><\/td>\n<\/tr>\n<tr style=\"border-color: #dbdbdb;\">\n<td width=\"69\" valign=\"top\">06.04.2023<\/td>\n<td width=\"78\" valign=\"top\">Deutsch<\/td>\n<td><a href=\"https:\/\/www.suedostschweiz.ch\/aus-dem-leben\/fausta-piuniera-gedenksommer-fuer-die-tourismusvorreiterin-wird-realitaet\" target=\"_blank\" rel=\"noopener\">S\u00fcdostschweiz: Gedenksommer f\u00fcr die Tourismusvorreiterin wird Realit\u00e4t<\/a><\/td>\n<\/tr>\n<tr style=\"border-color: #dbdbdb;\">\n<td width=\"69\" valign=\"top\">30.05.2023<\/td>\n<td width=\"78\" valign=\"top\">Romanisch&nbsp;&nbsp;&nbsp;&nbsp;&nbsp;&nbsp;<\/td>\n<td><a href=\"https:\/\/www.rtr.ch\/play\/tv\/telesguard\/video\/fausta-capaul---piuniera-dal-turissem?urn=urn:rtr:video:749aef84-a152-4566-a489-ded22d9318a6\">RTR:&nbsp;Fausta Capaul \u2013 Piuniera dal turissem<\/a><\/td>\n<\/tr>\n<tr style=\"border-color: #dbdbdb;\">\n<td width=\"69\" valign=\"top\">31.05.2023<\/td>\n<td width=\"78\" valign=\"top\">Romansich<\/td>\n<td><a href=\"https:\/\/issuu.com\/surselva\/docs\/31.05.2023_fausta_piuniera_la_quotidiana_1?fr=sNDY5MzYxMjY1MzE\" target=\"_blank\" rel=\"noopener\">La Quotidiana:&nbsp;Breil festivescha sia \u00abFausta piuniera\u00bb<\/a><\/td>\n<\/tr>\n<tr style=\"border-color: #dbdbdb;\">\n<td width=\"69\" valign=\"top\">31.05.2023<\/td>\n<td width=\"78\" valign=\"top\">Romanisch<\/td>\n<td><a href=\"https:\/\/issuu.com\/surselva\/docs\/31.05.2023_fausta_piuniera_la_quotidiana?fr=sYTg2MzYxMjY1MzE\">La Quotidiana:&nbsp;Fausta piuniera cun vast horizont<\/a><\/td>\n<\/tr>\n<tr style=\"border-color: #dbdbdb;\">\n<td width=\"69\" valign=\"top\">31.05.2023<\/td>\n<td width=\"78\" valign=\"top\">Deutsch<\/td>\n<td><a href=\"https:\/\/issuu.com\/surselva\/docs\/31.05.2023_fausta_piuniera_suedostschweiz_1?fr=sNGMzZjYxMjY1MzE\" target=\"_blank\" rel=\"noopener\">S\u00fcdostschweiz: Hommage an eine junge Frau, die mit \u00abMut und Biss\u00bb ihren Weg ging<\/a><\/td>\n<\/tr>\n<tr style=\"border-color: #dbdbdb;\">\n<td width=\"69\" valign=\"top\">02.06.2023<\/td>\n<td width=\"78\" valign=\"top\">Deutsch<\/td>\n<td><a href=\"https:\/\/issuu.com\/surselva\/docs\/02.06.2023_fausta_piuniera_sarganserl_nder?fr=sOTJlNzYxMjY1MzE\" target=\"_blank\" rel=\"noopener\">Sarganserl\u00e4nder: W\u00fcrdige Hommage an eine junge, mutige Frau<\/a><\/td>\n<\/tr>\n<tr style=\"border-color: #dbdbdb;\">\n<td width=\"69\" valign=\"top\">21.07.2023<\/td>\n<td width=\"78\" valign=\"top\">Romanisch<\/td>\n<td><a href=\"https:\/\/www.rtr.ch\/novitads\/grischun\/surselva\/fausta-piuniera-il-teater-en-il-liber-e-il-punct-culminant-da-las-festivitads\" target=\"_blank\" rel=\"noopener\">RTR: Il teater en il liber \u00e8 il punct culminant da las festivitads<\/a><\/td>\n<\/tr>\n<tr style=\"border-color: #dbdbdb;\">\n<td width=\"69\" valign=\"top\">28.07.2023<\/td>\n<td width=\"78\" valign=\"top\">Romanisch<\/td>\n<td><a href=\"https:\/\/issuu.com\/surselva\/docs\/lq_2023-07-28-pages-5?fr=xKAE9_zU1NQ\" target=\"_blank\" rel=\"noopener\">La Quotidiana: El curtgin dalla Fausta<\/a><\/td>\n<\/tr>\n<tr style=\"border-color: #dbdbdb;\">\n<td width=\"69\" valign=\"top\">02.08.2023<\/td>\n<td width=\"78\" valign=\"top\">Romanisch<\/td>\n<td><a href=\"https:\/\/www.rtr.ch\/play\/tv\/sil-punct\/video\/a-surava-e-rueras-datti-butias-en-in-container?urn=urn:rtr:video:bf2a1e90-0a32-4117-9dad-30f3528f2fab\" target=\"_blank\" rel=\"noopener\">RTR:&nbsp;A Surava e Rueras datti butias en in container<\/a><\/td>\n<\/tr>\n<tr style=\"border-color: #dbdbdb;\">\n<td width=\"69\" valign=\"top\">07.08.2023<\/td>\n<td width=\"78\" valign=\"top\">Romanisch<\/td>\n<td><a href=\"https:\/\/issuu.com\/surselva\/docs\/lq_2023-08-07?fr=xKAE9_zU1NQ\" target=\"_blank\" rel=\"noopener\">La Quotidiana: Premiera dalla &#8222;Fausta piuniera&#8220;<\/a><\/td>\n<\/tr>\n<tr style=\"border-color: #dbdbdb;\">\n<td width=\"69\" valign=\"top\">08.08.2023<\/td>\n<td width=\"78\" valign=\"top\">Deutsch<\/td>\n<td><a href=\"https:\/\/issuu.com\/surselva\/docs\/sogr_2023-08-08?fr=xKAE9_zU1NQ\" target=\"_blank\" rel=\"noopener\">S\u00fcdostschweiz: Die G\u00e4ste in die Berge gelockt<\/a><\/td>\n<\/tr>\n<tr style=\"border-color: #dbdbdb;\">\n<td width=\"69\" valign=\"top\">18.09.2023<\/td>\n<td width=\"78\" valign=\"top\">Romanisch<\/td>\n<td><a href=\"https:\/\/www.rtr.ch\/novitads\/grischun\/surselva\/breil-fausta-piuniera-lascha-siemiar-breil\" target=\"_blank\" rel=\"noopener\">\u00abFausta piuniera\u00bb lascha siemiar Breil<\/a><\/td>\n<\/tr>\n<tr style=\"border-color: #dbdbdb;\">\n<td width=\"69\" valign=\"top\">&nbsp;<\/td>\n<td width=\"78\" valign=\"top\">Romanisch<\/td>\n<td><a href=\"https:\/\/issuu.com\/surselva\/docs\/fausta_piuniera_pressebericht?fr=xKAE9_zU1NQ\" target=\"_blank\" rel=\"noopener\">Ina buna bilanza per la &#8222;FAUSTA piuniera&#8220;<\/a><\/td>\n<\/tr>\n<tr style=\"border-color: #dbdbdb;\">\n<td width=\"69\" valign=\"top\">19.09.2023<\/td>\n<td width=\"78\" valign=\"top\">Romanisch<\/td>\n<td><a href=\"https:\/\/issuu.com\/surselva\/docs\/fausta_piuniera_fatg_bien_alla_cuminonza?fr=xKAE9_zU1NQ\" target=\"_blank\" rel=\"noopener\">FAUSTA piuniera ha fatg bein a nossa cuminonza<\/a><\/td>\n<\/tr>\n<\/tbody>\n<\/table>\n<p>&lt; <a href=\"https:\/\/focubreil.ch\/faustapiuniera\/hommage\/\">zur\u00fcck<\/a><\/p>","protected":false},"excerpt":{"rendered":"<p>Das Jubil\u00e4umsjahr organisiert ein Komitee pr\u00e4sidiert von Otmar Seiler. Beteiligt sind das Forum cultural Breil, Surselva Tourismus, die Uniun dramatica Breil (Theaterverein Brigels) und die cumminonza da mummas e dunnas Breil (Frauenverein Brigels). &gt; Medienmitteilung Dezember 2022 &gt; Communicaziun allas medias december 2022 &nbsp; Presseberichte \u00abFAUSTA piuniera\u00bb Hier finden Sie alle Presseberichte rund um die [&hellip;]<\/p>\n","protected":false},"author":2,"featured_media":0,"parent":3984,"menu_order":7,"comment_status":"closed","ping_status":"closed","template":"","meta":{"ngg_post_thumbnail":0,"footnotes":""},"class_list":["post-3530","page","type-page","status-publish","hentry"],"_links":{"self":[{"href":"https:\/\/focubreil.ch\/de\/wp-json\/wp\/v2\/pages\/3530","targetHints":{"allow":["GET"]}}],"collection":[{"href":"https:\/\/focubreil.ch\/de\/wp-json\/wp\/v2\/pages"}],"about":[{"href":"https:\/\/focubreil.ch\/de\/wp-json\/wp\/v2\/types\/page"}],"author":[{"embeddable":true,"href":"https:\/\/focubreil.ch\/de\/wp-json\/wp\/v2\/users\/2"}],"replies":[{"embeddable":true,"href":"https:\/\/focubreil.ch\/de\/wp-json\/wp\/v2\/comments?post=3530"}],"version-history":[{"count":14,"href":"https:\/\/focubreil.ch\/de\/wp-json\/wp\/v2\/pages\/3530\/revisions"}],"predecessor-version":[{"id":4044,"href":"https:\/\/focubreil.ch\/de\/wp-json\/wp\/v2\/pages\/3530\/revisions\/4044"}],"up":[{"embeddable":true,"href":"https:\/\/focubreil.ch\/de\/wp-json\/wp\/v2\/pages\/3984"}],"wp:attachment":[{"href":"https:\/\/focubreil.ch\/de\/wp-json\/wp\/v2\/media?parent=3530"}],"curies":[{"name":"wp","href":"https:\/\/api.w.org\/{rel}","templated":true}]}}