{"id":3974,"date":"2024-01-11T15:13:27","date_gmt":"2024-01-11T14:13:27","guid":{"rendered":"https:\/\/focubreil.ch\/?page_id=3974"},"modified":"2024-01-11T17:37:24","modified_gmt":"2024-01-11T16:37:24","slug":"die-vernissage","status":"publish","type":"page","link":"https:\/\/focubreil.ch\/de\/faustapiuniera\/hommage\/die-vernissage\/","title":{"rendered":"Die Vernissage"},"content":{"rendered":"<p><\/p>\n<h1>Vernissage Bilderausstellung Charles Flach 16. Juli 2023<\/h1>\n<p>FAUSTA piuniera: 150 Jahre Tourismus in Breil\/Brigels eine Hommage: Charles Flach Werk zeigt den Blick eines Fremden auf ein Bergdorf und auf dessen Alltag. In der Casa Fausta Capaul werden verschiedene Bilder ausgestellt.<\/p>\n<p>&nbsp;<\/p>\n<h3>Fotogalerie<\/h3>\nngg_shortcode_0_placeholder\n<p>Charles Flach, geboren 1863, studierte Ingenieurwissenschaften in Dresden und Hannover und arbeitete als Ingenieur in einem Bergwerk in S\u00fcdengland. Gleich mehrere Jahre konnte der \u00abMaler von Brigels\u00bb an der \u00abTurnusausstellung des schweizerischen Kunstvereins\u00bb im Kunsthaus Z\u00fcrich jeweils einige Bilder ausstellen.<\/p>\n<p>Seine Eindr\u00fccke zeichnet und malt der K\u00fcnstler wahrscheinlich jeweils direkt vor dem Motiv mit Kohle, Pastell, Kreidepastell, Aquarell und \u00d6l auf Papier, Karton oder Leinwand. Sein Werk umfasst Landschaften, Portr\u00e4ts und Genrebilder. So lassen sich auf den Bildern die H\u00e4user und Gassen von Brigels erkennen, die Umgebung mit Bergen, Wiesen und Feldern, Dorfbewohner \u2013 Erwachsene wie auch Kinder \u2013 als Portrait oder bei der Arbeit auf dem Feld.<\/p>\n<p>Im Rahmen der FAUSTA piuniera &#8211; 150 Jahre Tourismus in Breil\/Brigels &#8211; eine Hommage k\u00f6nnen Sie ausgew\u00e4hlte Exponate in der Casa Fausta Capaul besichtigten: Bilderausstellung Charles Flach.<\/p>\n<p>&lt; <a href=\"https:\/\/focubreil.ch\/faustapiuniera\/hommage\/\">zur\u00fcck<\/a><\/p>","protected":false},"excerpt":{"rendered":"<p>Vernissage Bilderausstellung Charles Flach 16. Juli 2023 FAUSTA piuniera: 150 Jahre Tourismus in Breil\/Brigels eine Hommage: Charles Flach Werk zeigt den Blick eines Fremden auf ein Bergdorf und auf dessen Alltag. In der Casa Fausta Capaul werden verschiedene Bilder ausgestellt. &nbsp; Fotogalerie Charles Flach, geboren 1863, studierte Ingenieurwissenschaften in Dresden und Hannover und arbeitete als [&hellip;]<\/p>\n","protected":false},"author":2,"featured_media":0,"parent":3984,"menu_order":3,"comment_status":"closed","ping_status":"closed","template":"","meta":{"ngg_post_thumbnail":0,"footnotes":""},"class_list":["post-3974","page","type-page","status-publish","hentry"],"_links":{"self":[{"href":"https:\/\/focubreil.ch\/de\/wp-json\/wp\/v2\/pages\/3974","targetHints":{"allow":["GET"]}}],"collection":[{"href":"https:\/\/focubreil.ch\/de\/wp-json\/wp\/v2\/pages"}],"about":[{"href":"https:\/\/focubreil.ch\/de\/wp-json\/wp\/v2\/types\/page"}],"author":[{"embeddable":true,"href":"https:\/\/focubreil.ch\/de\/wp-json\/wp\/v2\/users\/2"}],"replies":[{"embeddable":true,"href":"https:\/\/focubreil.ch\/de\/wp-json\/wp\/v2\/comments?post=3974"}],"version-history":[{"count":7,"href":"https:\/\/focubreil.ch\/de\/wp-json\/wp\/v2\/pages\/3974\/revisions"}],"predecessor-version":[{"id":4055,"href":"https:\/\/focubreil.ch\/de\/wp-json\/wp\/v2\/pages\/3974\/revisions\/4055"}],"up":[{"embeddable":true,"href":"https:\/\/focubreil.ch\/de\/wp-json\/wp\/v2\/pages\/3984"}],"wp:attachment":[{"href":"https:\/\/focubreil.ch\/de\/wp-json\/wp\/v2\/media?parent=3974"}],"curies":[{"name":"wp","href":"https:\/\/api.w.org\/{rel}","templated":true}]}}