{"id":3984,"date":"2024-01-11T15:27:48","date_gmt":"2024-01-11T14:27:48","guid":{"rendered":"https:\/\/focubreil.ch\/?page_id=3984"},"modified":"2024-01-12T09:51:43","modified_gmt":"2024-01-12T08:51:43","slug":"hommage","status":"publish","type":"page","link":"https:\/\/focubreil.ch\/de\/faustapiuniera\/hommage\/","title":{"rendered":"FAUSTA PIUNIERA"},"content":{"rendered":"<p><\/p>\n<h1>150 onns turissem a Breil\/Brigels \u2013 eine Hommage<\/h1>\n<p><a href=\"https:\/\/vimeo.com\/779868233\" target=\"_blank\" rel=\"noopener\"><img loading=\"lazy\" decoding=\"async\" class=\"alignnone size-full wp-image-3988\" src=\"https:\/\/focubreil.ch\/wordpress\/wp-content\/uploads\/2024\/01\/video_Fausta-Teaser-Breil-Brigels_fullwidth.jpg\" alt=\"\" width=\"1920\" height=\"909\" srcset=\"https:\/\/focubreil.ch\/wordpress\/wp-content\/uploads\/2024\/01\/video_Fausta-Teaser-Breil-Brigels_fullwidth.jpg 1920w, https:\/\/focubreil.ch\/wordpress\/wp-content\/uploads\/2024\/01\/video_Fausta-Teaser-Breil-Brigels_fullwidth-300x142.jpg 300w, https:\/\/focubreil.ch\/wordpress\/wp-content\/uploads\/2024\/01\/video_Fausta-Teaser-Breil-Brigels_fullwidth-1024x485.jpg 1024w, https:\/\/focubreil.ch\/wordpress\/wp-content\/uploads\/2024\/01\/video_Fausta-Teaser-Breil-Brigels_fullwidth-768x364.jpg 768w, https:\/\/focubreil.ch\/wordpress\/wp-content\/uploads\/2024\/01\/video_Fausta-Teaser-Breil-Brigels_fullwidth-1536x727.jpg 1536w\" sizes=\"auto, (max-width: 1920px) 100vw, 1920px\" \/><\/a><\/p>\n<p>150 Jahre Tourismus in Breil\/Brigels: Im Mai 1873 publizierte Fausta Capaul \u2013 erst 26-j\u00e4hrig \u2013 ein Werbeinserat f\u00fcr ihr neu er\u00f6ffnetes Gasthaus und lancierte damit den Sommer-Tourismus in Breil\/Brigels.<\/p>\n<p>Die \u00fcber das ganze Jahr 2023 verteilte Hommage, soll eine Ann\u00e4herung an die Person Fausta Capaul, an ihre Zeit und an die Anf\u00e4nge des Tourismus erm\u00f6glichen. Sie soll aber auch einen Ausblick in die Zukunft wagen.<\/p>\n<p>&nbsp;<\/p>\n<h1>Jubil\u00e4umsjahr 2023 mit vier Veranstaltungen<\/h1>\n<p>Die Er\u00f6ffnungsveranstaltung bei der Gedenkst\u00e4tte Curtgin Crest La Crusch am Pfingstmontag lanciert das Projekt FAUSTA piuniera. Die Bilderausstellung des Malers Charles Flach, \u00abil pictur da Breil\u00bb \u2013 ein treuer Gast der Casa Fausta Capaul \u2013 findet im Juli und August statt und den H\u00f6hepunkt bildet die szenisch-musikalische Freilichtauff\u00fchrung im Garten vor der Casa Fausta Capaul. Die Schlussveranstaltung schliesst das Jubil\u00e4umsjahr ab und wagt einen Blick in die Zukunft der Tourismusdestination Breil\/Brigels.<\/p>\n<table style=\"width: 99%; height: 48px;\" width=\"99%\" cellspacing=\"0\" cellpadding=\"0\" border=\"0\">\n<tbody>\n<tr style=\"height: 24px;\">\n<td style=\"height: 24px; width: 48.5%;\">\n<h2>avertura<\/h2>\n<p><b>29 da matg 2023<\/b><\/p>\n<p><a href=\"https:\/\/focubreil.ch\/faustapiuniera\/hommage\/eroeffnung\/\"><img loading=\"lazy\" decoding=\"async\" class=\"alignnone wp-image-3560\" src=\"https:\/\/focubreil.ch\/wordpress\/wp-content\/uploads\/2024\/01\/01_avertura_events-05_front_gallery_first.jpg\" alt=\"\" width=\"450\" height=\"365\" srcset=\"https:\/\/focubreil.ch\/wordpress\/wp-content\/uploads\/2024\/01\/01_avertura_events-05_front_gallery_first.jpg 760w, https:\/\/focubreil.ch\/wordpress\/wp-content\/uploads\/2024\/01\/01_avertura_events-05_front_gallery_first-300x244.jpg 300w\" sizes=\"auto, (max-width: 450px) 100vw, 450px\" \/><\/a><\/td>\n<td style=\"height: 24px; width: 48.5%;\">\n<h2>exposiziun da maletgs da Charles Flach<\/h2>\n<p><b>fenadur e uost 2023<\/b><\/p>\n<p><a href=\"https:\/\/focubreil.ch\/de\/faustapiuniera\/hommage\/bilderausstellung-charles-flach\/\"><img loading=\"lazy\" decoding=\"async\" class=\"alignnone wp-image-3561\" src=\"https:\/\/focubreil.ch\/wordpress\/wp-content\/uploads\/2024\/01\/02_charles-flach-01_front_gallery_first.jpg\" alt=\"\" width=\"450\" height=\"365\" srcset=\"https:\/\/focubreil.ch\/wordpress\/wp-content\/uploads\/2024\/01\/02_charles-flach-01_front_gallery_first.jpg 760w, https:\/\/focubreil.ch\/wordpress\/wp-content\/uploads\/2024\/01\/02_charles-flach-01_front_gallery_first-300x244.jpg 300w\" sizes=\"auto, (max-width: 450px) 100vw, 450px\" \/><\/a><\/td>\n<\/tr>\n<tr style=\"height: 24px;\">\n<td style=\"height: 24px; width: 48.5%;\">\n<h2>inscenaziun teatral-musicala<\/h2>\n<p><b>4\/5\/6 e 9\/11\/12\/13 d\u2019uost 2023<\/b><br \/>\n<a href=\"https:\/\/focubreil.ch\/de\/faustapiuniera\/hommage\/freilichauffuehrung\/\"><img loading=\"lazy\" decoding=\"async\" class=\"alignnone wp-image-3562\" src=\"https:\/\/focubreil.ch\/wordpress\/wp-content\/uploads\/2024\/01\/03_freilichtauffuehrung-02_grid_teaser.png\" alt=\"\" width=\"450\" height=\"365\" srcset=\"https:\/\/focubreil.ch\/wordpress\/wp-content\/uploads\/2024\/01\/03_freilichtauffuehrung-02_grid_teaser.png 760w, https:\/\/focubreil.ch\/wordpress\/wp-content\/uploads\/2024\/01\/03_freilichtauffuehrung-02_grid_teaser-300x244.png 300w\" sizes=\"auto, (max-width: 450px) 100vw, 450px\" \/><\/a><\/td>\n<td style=\"height: 24px; width: 48.5%;\">\n<h2>finiziun<\/h2>\n<p><b>16 da settember 2023<\/b><br \/>\n<a href=\"https:\/\/focubreil.ch\/de\/faustapiuniera\/hommage\/schlussveranstaltung\/\"><img loading=\"lazy\" decoding=\"async\" class=\"alignnone wp-image-3563\" src=\"https:\/\/focubreil.ch\/wordpress\/wp-content\/uploads\/2024\/01\/04_finiziun_grid_teaser.png\" alt=\"\" width=\"450\" height=\"363\"><\/a><\/td>\n<\/tr>\n<\/tbody>\n<\/table>\n<h1>&nbsp;<\/h1>\n<h1>Fausta Capaul: Der Tourismus der Gl\u00fcckbringenden<\/h1>\n<p>&gt; <a href=\"https:\/\/focubreil.ch\/de\/faustapiuniera\/hommage\/geschichte-fausta-capaul\/\" target=\"_blank\" rel=\"noopener\">Geschichte lesen<\/a><\/p>\n<p><a href=\"https:\/\/focubreil.ch\/de\/faustapiuniera\/hommage\/geschichte-fausta-capaul\/\"><img loading=\"lazy\" decoding=\"async\" class=\"alignnone wp-image-3992 size-full\" src=\"https:\/\/focubreil.ch\/wordpress\/wp-content\/uploads\/2024\/01\/fausta-hotel-teaser_fullwidth.png\" alt=\"\" width=\"1920\" height=\"909\" srcset=\"https:\/\/focubreil.ch\/wordpress\/wp-content\/uploads\/2024\/01\/fausta-hotel-teaser_fullwidth.png 1920w, https:\/\/focubreil.ch\/wordpress\/wp-content\/uploads\/2024\/01\/fausta-hotel-teaser_fullwidth-300x142.png 300w, https:\/\/focubreil.ch\/wordpress\/wp-content\/uploads\/2024\/01\/fausta-hotel-teaser_fullwidth-1024x485.png 1024w, https:\/\/focubreil.ch\/wordpress\/wp-content\/uploads\/2024\/01\/fausta-hotel-teaser_fullwidth-768x364.png 768w, https:\/\/focubreil.ch\/wordpress\/wp-content\/uploads\/2024\/01\/fausta-hotel-teaser_fullwidth-1536x727.png 1536w\" sizes=\"auto, (max-width: 1920px) 100vw, 1920px\" \/><\/a><\/p>\n<h3>&nbsp;<\/h3>\n<h1>Gasetta<\/h1>\n<p>&gt; <a href=\"https:\/\/issuu.com\/surselva\/docs\/gasetta_fausta_piuniera\" target=\"_blank\" rel=\"noopener\">Gasetta lesen<\/a><\/p>\n<p><a href=\"https:\/\/issuu.com\/surselva\/docs\/gasetta_fausta_piuniera\" target=\"_blank\" rel=\"noopener\"><img loading=\"lazy\" decoding=\"async\" class=\"alignnone size-full wp-image-3991\" src=\"https:\/\/focubreil.ch\/wordpress\/wp-content\/uploads\/2024\/01\/fausta-gasetta-teaser_fullwidth.png\" alt=\"\" width=\"1920\" height=\"909\" srcset=\"https:\/\/focubreil.ch\/wordpress\/wp-content\/uploads\/2024\/01\/fausta-gasetta-teaser_fullwidth.png 1920w, https:\/\/focubreil.ch\/wordpress\/wp-content\/uploads\/2024\/01\/fausta-gasetta-teaser_fullwidth-300x142.png 300w, https:\/\/focubreil.ch\/wordpress\/wp-content\/uploads\/2024\/01\/fausta-gasetta-teaser_fullwidth-1024x485.png 1024w, https:\/\/focubreil.ch\/wordpress\/wp-content\/uploads\/2024\/01\/fausta-gasetta-teaser_fullwidth-768x364.png 768w, https:\/\/focubreil.ch\/wordpress\/wp-content\/uploads\/2024\/01\/fausta-gasetta-teaser_fullwidth-1536x727.png 1536w\" sizes=\"auto, (max-width: 1920px) 100vw, 1920px\" \/><\/a><\/p>\n<p>&nbsp;<\/p>\n<h1>Medienmitteilungen und Presseberichte<\/h1>\n<p>&gt; <a href=\"https:\/\/focubreil.ch\/de\/faustapiuniera\/hommage\/medienmitteilungen-und-presseberichte\/\" rel=\"noopener\">zu den Artikeln<\/a><\/p>\n<p><a href=\"https:\/\/focubreil.ch\/de\/faustapiuniera\/hommage\/medienmitteilungen-und-presseberichte\/\"><img loading=\"lazy\" decoding=\"async\" class=\"alignnone wp-image-3569 size-full\" src=\"https:\/\/focubreil.ch\/wordpress\/wp-content\/uploads\/2024\/01\/teaser-tickets_fullwidth.png\" alt=\"\" width=\"1920\" height=\"909\" srcset=\"https:\/\/focubreil.ch\/wordpress\/wp-content\/uploads\/2024\/01\/teaser-tickets_fullwidth.png 1920w, https:\/\/focubreil.ch\/wordpress\/wp-content\/uploads\/2024\/01\/teaser-tickets_fullwidth-300x142.png 300w, https:\/\/focubreil.ch\/wordpress\/wp-content\/uploads\/2024\/01\/teaser-tickets_fullwidth-1024x485.png 1024w, https:\/\/focubreil.ch\/wordpress\/wp-content\/uploads\/2024\/01\/teaser-tickets_fullwidth-768x364.png 768w, https:\/\/focubreil.ch\/wordpress\/wp-content\/uploads\/2024\/01\/teaser-tickets_fullwidth-1536x727.png 1536w\" sizes=\"auto, (max-width: 1920px) 100vw, 1920px\" \/><\/a><\/p>\n<h2>&nbsp;<\/h2>\n<h1>Sponsoren und G\u00f6nner<\/h1>\n<h2>Titelsponsor<\/h2>\n<p><a href=\"https:\/\/www.breil.ch\/de\/\" target=\"_blank\" rel=\"noopener\"><img loading=\"lazy\" decoding=\"async\" class=\" wp-image-3551 alignnone\" src=\"https:\/\/focubreil.ch\/wordpress\/wp-content\/uploads\/2024\/01\/breil_front_large.jpg\" alt=\"\" width=\"401\" height=\"167\" srcset=\"https:\/\/focubreil.ch\/wordpress\/wp-content\/uploads\/2024\/01\/breil_front_large.jpg 480w, https:\/\/focubreil.ch\/wordpress\/wp-content\/uploads\/2024\/01\/breil_front_large-300x125.jpg 300w\" sizes=\"auto, (max-width: 401px) 100vw, 401px\" \/><\/a><\/p>\n<p><a href=\"https:\/\/www.breil.ch\/de\/\" target=\"_blank\" rel=\"noopener\">Gemeinde Breil\/Brigels<\/a><\/p>\n<h2>&nbsp;<\/h2>\n<h2>Unterst\u00fctzt durch<\/h2>\n<p><a href=\"https:\/\/www.gr.ch\/DE\/institutionen\/verwaltung\/ekud\/afk\/Seiten\/welcome.aspx\" target=\"_blank\" rel=\"noopener\"><img loading=\"lazy\" decoding=\"async\" class=\"alignnone wp-image-3577\" src=\"https:\/\/focubreil.ch\/wordpress\/wp-content\/uploads\/2024\/01\/kulturfoerderung-2.0_front_large2.png\" alt=\"\" width=\"400\" height=\"100\" srcset=\"https:\/\/focubreil.ch\/wordpress\/wp-content\/uploads\/2024\/01\/kulturfoerderung-2.0_front_large2.png 480w, https:\/\/focubreil.ch\/wordpress\/wp-content\/uploads\/2024\/01\/kulturfoerderung-2.0_front_large2-300x75.png 300w\" sizes=\"auto, (max-width: 400px) 100vw, 400px\" \/><\/a><\/p>\n<p>Kulturf\u00f6rderung Graub\u00fcnden, Chur<\/p>\n<h2>&nbsp;<\/h2>\n<h2>Hauptsponsoren<\/h2>\n<table style=\"width: 99%;\" width=\"99%\">\n<tbody>\n<tr>\n<td style=\"text-align: center; width: 33%;\" width=\"33%\" valign=\"top\"><a href=\"https:\/\/www.raiffeisen.ch\/surselva\/de.html\" target=\"_blank\" rel=\"noopener\"><img loading=\"lazy\" decoding=\"async\" class=\"alignnone size-full wp-image-3558\" src=\"https:\/\/focubreil.ch\/wordpress\/wp-content\/uploads\/2024\/01\/raiffeisen_front_large.jpg\" alt=\"\" width=\"480\" height=\"200\" srcset=\"https:\/\/focubreil.ch\/wordpress\/wp-content\/uploads\/2024\/01\/raiffeisen_front_large.jpg 480w, https:\/\/focubreil.ch\/wordpress\/wp-content\/uploads\/2024\/01\/raiffeisen_front_large-300x125.jpg 300w\" sizes=\"auto, (max-width: 480px) 100vw, 480px\" \/>Banca Raiffeisen Surselva, Glion<\/a><br \/>\n&nbsp;<\/td>\n<td style=\"text-align: center; width: 33%;\" width=\"33%\" valign=\"top\"><a href=\"https:\/\/www.beersa.ch\/\" target=\"_blank\" rel=\"noopener\"><img loading=\"lazy\" decoding=\"async\" class=\"alignnone size-full wp-image-3550\" src=\"https:\/\/focubreil.ch\/wordpress\/wp-content\/uploads\/2024\/01\/beer_front_large.jpg\" alt=\"\" width=\"480\" height=\"200\" srcset=\"https:\/\/focubreil.ch\/wordpress\/wp-content\/uploads\/2024\/01\/beer_front_large.jpg 480w, https:\/\/focubreil.ch\/wordpress\/wp-content\/uploads\/2024\/01\/beer_front_large-300x125.jpg 300w\" sizes=\"auto, (max-width: 480px) 100vw, 480px\" \/>Beer SA<\/a><\/td>\n<td style=\"text-align: center; width: 33%;\" width=\"33%\" valign=\"top\"><img loading=\"lazy\" decoding=\"async\" class=\"alignnone size-full wp-image-3573\" src=\"https:\/\/focubreil.ch\/wordpress\/wp-content\/uploads\/2024\/01\/platzhalter_transparent.png\" alt=\"\" width=\"480\" height=\"200\" srcset=\"https:\/\/focubreil.ch\/wordpress\/wp-content\/uploads\/2024\/01\/platzhalter_transparent.png 480w, https:\/\/focubreil.ch\/wordpress\/wp-content\/uploads\/2024\/01\/platzhalter_transparent-300x125.png 300w\" sizes=\"auto, (max-width: 480px) 100vw, 480px\" \/><br \/>\nDonaziun Brigel, Breil<\/td>\n<\/tr>\n<tr>\n<td style=\"text-align: center; width: 33%;\" width=\"33%\" valign=\"top\"><a href=\"https:\/\/ernst-goehner-stiftung.ch\/index.php\/de\" target=\"_blank\" rel=\"noopener\"><img loading=\"lazy\" decoding=\"async\" class=\"alignnone size-full wp-image-3553\" src=\"https:\/\/focubreil.ch\/wordpress\/wp-content\/uploads\/2024\/01\/goenner-Stiftung-2.0_front_large.jpg\" alt=\"\" width=\"480\" height=\"200\" srcset=\"https:\/\/focubreil.ch\/wordpress\/wp-content\/uploads\/2024\/01\/goenner-Stiftung-2.0_front_large.jpg 480w, https:\/\/focubreil.ch\/wordpress\/wp-content\/uploads\/2024\/01\/goenner-Stiftung-2.0_front_large-300x125.jpg 300w\" sizes=\"auto, (max-width: 480px) 100vw, 480px\" \/><br \/>\nErnst G\u00f6nner Stiftung, Zug<\/a><br \/>\n&nbsp;<\/td>\n<td style=\"text-align: center; width: 33%;\" width=\"33%\" valign=\"top\"><a href=\"https:\/\/focubreil.ch\/de\/uniun\/\" target=\"_blank\" rel=\"noopener\"><img loading=\"lazy\" decoding=\"async\" class=\"alignnone size-full wp-image-3552\" src=\"https:\/\/focubreil.ch\/wordpress\/wp-content\/uploads\/2024\/01\/forum_front_large.jpg\" alt=\"\" width=\"480\" height=\"200\" srcset=\"https:\/\/focubreil.ch\/wordpress\/wp-content\/uploads\/2024\/01\/forum_front_large.jpg 480w, https:\/\/focubreil.ch\/wordpress\/wp-content\/uploads\/2024\/01\/forum_front_large-300x125.jpg 300w\" sizes=\"auto, (max-width: 480px) 100vw, 480px\" \/><br \/>\nForum cultural, Breil<\/a><\/td>\n<td style=\"text-align: center; width: 33%;\" width=\"33%\" valign=\"top\"><a href=\"http:\/\/installaziuns-caduff.ch\/\" target=\"_blank\" rel=\"noopener\"><img loading=\"lazy\" decoding=\"async\" class=\"alignnone size-full wp-image-3554\" src=\"https:\/\/focubreil.ch\/wordpress\/wp-content\/uploads\/2024\/01\/installaziunscaduff_front_large.jpg\" alt=\"\" width=\"480\" height=\"200\" srcset=\"https:\/\/focubreil.ch\/wordpress\/wp-content\/uploads\/2024\/01\/installaziunscaduff_front_large.jpg 480w, https:\/\/focubreil.ch\/wordpress\/wp-content\/uploads\/2024\/01\/installaziunscaduff_front_large-300x125.jpg 300w\" sizes=\"auto, (max-width: 480px) 100vw, 480px\" \/><br \/>\nInstallaziuns Caduff SA, Breil<\/a><\/td>\n<\/tr>\n<tr>\n<td style=\"text-align: center; width: 33%;\" width=\"33%\" valign=\"top\"><a href=\"https:\/\/www.mauruscathomas.ch\/\" target=\"_blank\" rel=\"noopener\"><img loading=\"lazy\" decoding=\"async\" class=\"alignnone size-full wp-image-3556\" src=\"https:\/\/focubreil.ch\/wordpress\/wp-content\/uploads\/2024\/01\/mauruscathomas_front_large.jpg\" alt=\"\" width=\"480\" height=\"200\" srcset=\"https:\/\/focubreil.ch\/wordpress\/wp-content\/uploads\/2024\/01\/mauruscathomas_front_large.jpg 480w, https:\/\/focubreil.ch\/wordpress\/wp-content\/uploads\/2024\/01\/mauruscathomas_front_large-300x125.jpg 300w\" sizes=\"auto, (max-width: 480px) 100vw, 480px\" \/><br \/>\nMaurus Cathomas AG, Glion<\/a><\/td>\n<td style=\"text-align: center; width: 33%;\" width=\"33%\" valign=\"top\"><a href=\"https:\/\/www.mobiliar.ch\/\" target=\"_blank\" rel=\"noopener\"><img loading=\"lazy\" decoding=\"async\" class=\"alignnone size-full wp-image-3557\" src=\"https:\/\/focubreil.ch\/wordpress\/wp-content\/uploads\/2024\/01\/mobiliar-2.0_front_large.jpg\" alt=\"\" width=\"480\" height=\"200\" srcset=\"https:\/\/focubreil.ch\/wordpress\/wp-content\/uploads\/2024\/01\/mobiliar-2.0_front_large.jpg 480w, https:\/\/focubreil.ch\/wordpress\/wp-content\/uploads\/2024\/01\/mobiliar-2.0_front_large-300x125.jpg 300w\" sizes=\"auto, (max-width: 480px) 100vw, 480px\" \/><br \/>\ndie Mobiliar<\/a><\/td>\n<td style=\"text-align: center; width: 33%;\" width=\"33%\" valign=\"top\"><a href=\"https:\/\/www.surselva.info\/\" target=\"_blank\" rel=\"noopener\"><img loading=\"lazy\" decoding=\"async\" class=\"alignnone size-full wp-image-3559\" src=\"https:\/\/focubreil.ch\/wordpress\/wp-content\/uploads\/2024\/01\/surselva_front_large.jpg\" alt=\"\" width=\"480\" height=\"200\" srcset=\"https:\/\/focubreil.ch\/wordpress\/wp-content\/uploads\/2024\/01\/surselva_front_large.jpg 480w, https:\/\/focubreil.ch\/wordpress\/wp-content\/uploads\/2024\/01\/surselva_front_large-300x125.jpg 300w\" sizes=\"auto, (max-width: 480px) 100vw, 480px\" \/><br \/>\nSurselva Tourismus AG<\/a><\/td>\n<\/tr>\n<\/tbody>\n<\/table>\n<p>&nbsp;<\/p>\n<p>Vielen herzlichen Dank f\u00fcr Ihre Unterst\u00fctzung.<\/p>\n<p>&nbsp;<\/p>","protected":false},"excerpt":{"rendered":"<p>150 onns turissem a Breil\/Brigels \u2013 eine Hommage 150 Jahre Tourismus in Breil\/Brigels: Im Mai 1873 publizierte Fausta Capaul \u2013 erst 26-j\u00e4hrig \u2013 ein Werbeinserat f\u00fcr ihr neu er\u00f6ffnetes Gasthaus und lancierte damit den Sommer-Tourismus in Breil\/Brigels. Die \u00fcber das ganze Jahr 2023 verteilte Hommage, soll eine Ann\u00e4herung an die Person Fausta Capaul, an ihre [&hellip;]<\/p>\n","protected":false},"author":2,"featured_media":0,"parent":3171,"menu_order":0,"comment_status":"closed","ping_status":"closed","template":"","meta":{"ngg_post_thumbnail":0,"footnotes":""},"class_list":["post-3984","page","type-page","status-publish","hentry"],"_links":{"self":[{"href":"https:\/\/focubreil.ch\/de\/wp-json\/wp\/v2\/pages\/3984","targetHints":{"allow":["GET"]}}],"collection":[{"href":"https:\/\/focubreil.ch\/de\/wp-json\/wp\/v2\/pages"}],"about":[{"href":"https:\/\/focubreil.ch\/de\/wp-json\/wp\/v2\/types\/page"}],"author":[{"embeddable":true,"href":"https:\/\/focubreil.ch\/de\/wp-json\/wp\/v2\/users\/2"}],"replies":[{"embeddable":true,"href":"https:\/\/focubreil.ch\/de\/wp-json\/wp\/v2\/comments?post=3984"}],"version-history":[{"count":26,"href":"https:\/\/focubreil.ch\/de\/wp-json\/wp\/v2\/pages\/3984\/revisions"}],"predecessor-version":[{"id":4063,"href":"https:\/\/focubreil.ch\/de\/wp-json\/wp\/v2\/pages\/3984\/revisions\/4063"}],"up":[{"embeddable":true,"href":"https:\/\/focubreil.ch\/de\/wp-json\/wp\/v2\/pages\/3171"}],"wp:attachment":[{"href":"https:\/\/focubreil.ch\/de\/wp-json\/wp\/v2\/media?parent=3984"}],"curies":[{"name":"wp","href":"https:\/\/api.w.org\/{rel}","templated":true}]}}