{"id":4,"date":"2015-08-10T09:42:30","date_gmt":"2015-08-10T07:42:30","guid":{"rendered":"http:\/\/focubreil.ch.cassius.sui-inter.net\/wordpress\/?page_id=4"},"modified":"2024-02-17T15:52:25","modified_gmt":"2024-02-17T14:52:25","slug":"beinvegni","status":"publish","type":"page","link":"https:\/\/focubreil.ch\/de\/","title":{"rendered":""},"content":{"rendered":"<p><img loading=\"lazy\" decoding=\"async\" class=\"alignnone wp-image-4065\" src=\"https:\/\/focubreil.ch\/wordpress\/wp-content\/uploads\/2024\/01\/ZING-Cuort-Canal-Kopie.jpg\" alt=\"\" width=\"639\" height=\"453\" srcset=\"https:\/\/focubreil.ch\/wordpress\/wp-content\/uploads\/2024\/01\/ZING-Cuort-Canal-Kopie.jpg 1620w, https:\/\/focubreil.ch\/wordpress\/wp-content\/uploads\/2024\/01\/ZING-Cuort-Canal-Kopie-300x213.jpg 300w, https:\/\/focubreil.ch\/wordpress\/wp-content\/uploads\/2024\/01\/ZING-Cuort-Canal-Kopie-1024x726.jpg 1024w, https:\/\/focubreil.ch\/wordpress\/wp-content\/uploads\/2024\/01\/ZING-Cuort-Canal-Kopie-768x545.jpg 768w, https:\/\/focubreil.ch\/wordpress\/wp-content\/uploads\/2024\/01\/ZING-Cuort-Canal-Kopie-1536x1089.jpg 1536w\" sizes=\"auto, (max-width: 639px) 100vw, 639px\" \/><\/p>\n<p><strong>Willkommen auf der Seite des Forum cultural Breil<\/strong><\/p>\n<p>Liebe Freunde und G\u00f6nner des Forum cultural Breil<\/p>\n<p>Es freut uns sehr, dass Sie unsere Seite besuchen.&nbsp;Da die romanische Sprache der Haupttr\u00e4ger unserer Kultur ist, werden Sie sicher verstehen, dass die Seite in unserer Muttersprache ver\u00f6ffentlicht wird. Trotzdem finden Sie in jedem Kapitel kurze Informationen \u00fcber das Wesentliche des entsprechenden Themas.<br \/>\nDas Kapitel Aktuell informiert Sie \u00fcber die Aktivit\u00e4ten des Vereins, sowie \u00fcber die Kulturf\u00fchrungen und kulturellen Veranstaltungen in der Gemeinde.<br \/>\nWir w\u00fcnschen Ihnen einen erholsamen Aufenthalt in der Surselva.<\/p>\n<p style=\"text-align: right;\"><em>Maurus Cathomas, Pr\u00e4sident<\/em><\/p>\n<p><\/p>","protected":false},"excerpt":{"rendered":"<p>Willkommen auf der Seite des Forum cultural Breil Liebe Freunde und G\u00f6nner des Forum cultural Breil Es freut uns sehr, dass Sie unsere Seite besuchen.&nbsp;Da die romanische Sprache der Haupttr\u00e4ger unserer Kultur ist, werden Sie sicher verstehen, dass die Seite in unserer Muttersprache ver\u00f6ffentlicht wird. Trotzdem finden Sie in jedem Kapitel kurze Informationen \u00fcber das [&hellip;]<\/p>\n","protected":false},"author":1,"featured_media":0,"parent":6,"menu_order":5,"comment_status":"open","ping_status":"open","template":"","meta":{"ngg_post_thumbnail":0,"footnotes":""},"class_list":["post-4","page","type-page","status-publish","hentry"],"_links":{"self":[{"href":"https:\/\/focubreil.ch\/de\/wp-json\/wp\/v2\/pages\/4","targetHints":{"allow":["GET"]}}],"collection":[{"href":"https:\/\/focubreil.ch\/de\/wp-json\/wp\/v2\/pages"}],"about":[{"href":"https:\/\/focubreil.ch\/de\/wp-json\/wp\/v2\/types\/page"}],"author":[{"embeddable":true,"href":"https:\/\/focubreil.ch\/de\/wp-json\/wp\/v2\/users\/1"}],"replies":[{"embeddable":true,"href":"https:\/\/focubreil.ch\/de\/wp-json\/wp\/v2\/comments?post=4"}],"version-history":[{"count":160,"href":"https:\/\/focubreil.ch\/de\/wp-json\/wp\/v2\/pages\/4\/revisions"}],"predecessor-version":[{"id":4118,"href":"https:\/\/focubreil.ch\/de\/wp-json\/wp\/v2\/pages\/4\/revisions\/4118"}],"up":[{"embeddable":true,"href":"https:\/\/focubreil.ch\/de\/wp-json\/wp\/v2\/pages\/6"}],"wp:attachment":[{"href":"https:\/\/focubreil.ch\/de\/wp-json\/wp\/v2\/media?parent=4"}],"curies":[{"name":"wp","href":"https:\/\/api.w.org\/{rel}","templated":true}]}}