{"id":4001,"date":"2024-01-11T16:34:13","date_gmt":"2024-01-11T15:34:13","guid":{"rendered":"https:\/\/focubreil.ch\/?page_id=4001"},"modified":"2024-01-12T09:43:00","modified_gmt":"2024-01-12T08:43:00","slug":"eroeffnung","status":"publish","type":"page","link":"https:\/\/focubreil.ch\/de\/faustapiuniera\/hommage\/eroeffnung\/","title":{"rendered":"Avertura 29 da matg 2023"},"content":{"rendered":"<p><\/p>\n<h1>FAUSTA piuniera &#8211; eine Hommage: Er\u00f6ffnungsveranstaltung in Brigels<\/h1>\n<p>Am Pfingstmontag trafen sich G\u00e4ste und Einheimische beim Garten &#8222;Crest la Crusch&#8220; zur Er\u00f6ffnungsveranstaltung der Feierlichkeiten von &#8222;FAUSTA piuniera 150 onns turissem&#8220; a Breil\/Brigels \u2013 eine Hommage.<\/p>\n<h3>Fotogalerie<\/h3>\nngg_shortcode_0_placeholder\n<p>Die Gedenkst\u00e4tte mit dem &#8222;Escherstein&#8220; erinnert an die Errichtung der ersten fahrbaren Verbindung von Brigels \u00fcber Waltensburg nach Ilanz im Jahre 1870. Diese Verbindungsstrasse hat die Erfolgsgeschichte des Gasthauses Fausta Capaul und ihrer Wirtin erst erm\u00f6glicht und den Tourismus in Brigels lanciert.<\/p>\n<p>Die Er\u00f6ffnungsveranstaltung wurde zweisprachig romanisch\/deutsch gehalten und moderiert vom Pr\u00e4sidenten des Organisationskomitees, Otmar Seiler.<\/p>\n<p><strong>introducziun \/ Er\u00f6ffnung\u2028<\/strong><br \/>\nOtmar Seiler, president comit\u00e9 FAUSTA piuniera<\/p>\n<p><strong>inauguraziun \/ Einweihung\u2028<\/strong><br \/>\nplaid d\u2019avertura ed avertura simbolica\u2028 cun ufficials dalla vischnaunca da Breil\/Brigels,<br \/>\npresident communal Clau Schlosser e gerau Maurus Tomaschett<\/p>\n<p><strong>scena teatrala \/ theatralische Szene<\/strong><\/p>\n<p><strong>finiziun \/ Abschluss\u2028<\/strong><br \/>\ndiscuors davart la historia dil curtgin e dall\u2019entschatta dil turissem da Breil<br \/>\ncun president dil forum cultural Breil, Michi Friberg<br \/>\ne meinagestiun dalla Surselva Tourismus AG, Kevin Brunold<br \/>\napero e viseta dil curtgin \/ Ap\u00e9ro und Begehung des Gartens<\/p>\n<p>&lt; <a href=\"https:\/\/focubreil.ch\/faustapiuniera\/hommage\/\">zur\u00fcck<\/a><\/p>","protected":false},"excerpt":{"rendered":"<p>FAUSTA piuniera &#8211; eine Hommage: Er\u00f6ffnungsveranstaltung in Brigels Am Pfingstmontag trafen sich G\u00e4ste und Einheimische beim Garten &#8222;Crest la Crusch&#8220; zur Er\u00f6ffnungsveranstaltung der Feierlichkeiten von &#8222;FAUSTA piuniera 150 onns turissem&#8220; a Breil\/Brigels \u2013 eine Hommage. Fotogalerie Die Gedenkst\u00e4tte mit dem &#8222;Escherstein&#8220; erinnert an die Errichtung der ersten fahrbaren Verbindung von Brigels \u00fcber Waltensburg nach Ilanz [&hellip;]<\/p>\n","protected":false},"author":2,"featured_media":0,"parent":3984,"menu_order":0,"comment_status":"closed","ping_status":"closed","template":"","meta":{"ngg_post_thumbnail":0,"footnotes":""},"class_list":["post-4001","page","type-page","status-publish","hentry"],"_links":{"self":[{"href":"https:\/\/focubreil.ch\/de\/wp-json\/wp\/v2\/pages\/4001","targetHints":{"allow":["GET"]}}],"collection":[{"href":"https:\/\/focubreil.ch\/de\/wp-json\/wp\/v2\/pages"}],"about":[{"href":"https:\/\/focubreil.ch\/de\/wp-json\/wp\/v2\/types\/page"}],"author":[{"embeddable":true,"href":"https:\/\/focubreil.ch\/de\/wp-json\/wp\/v2\/users\/2"}],"replies":[{"embeddable":true,"href":"https:\/\/focubreil.ch\/de\/wp-json\/wp\/v2\/comments?post=4001"}],"version-history":[{"count":10,"href":"https:\/\/focubreil.ch\/de\/wp-json\/wp\/v2\/pages\/4001\/revisions"}],"predecessor-version":[{"id":4059,"href":"https:\/\/focubreil.ch\/de\/wp-json\/wp\/v2\/pages\/4001\/revisions\/4059"}],"up":[{"embeddable":true,"href":"https:\/\/focubreil.ch\/de\/wp-json\/wp\/v2\/pages\/3984"}],"wp:attachment":[{"href":"https:\/\/focubreil.ch\/de\/wp-json\/wp\/v2\/media?parent=4001"}],"curies":[{"name":"wp","href":"https:\/\/api.w.org\/{rel}","templated":true}]}}