{"id":4019,"date":"2024-01-11T16:55:41","date_gmt":"2024-01-11T15:55:41","guid":{"rendered":"https:\/\/focubreil.ch\/?page_id=4019"},"modified":"2024-01-12T09:43:55","modified_gmt":"2024-01-12T08:43:55","slug":"freilichauffuehrung","status":"publish","type":"page","link":"https:\/\/focubreil.ch\/de\/faustapiuniera\/hommage\/freilichauffuehrung\/","title":{"rendered":"Freilichauff\u00fchrung"},"content":{"rendered":"<p><\/p>\n<h1>\u00abFAUSTA piuniera &#8211; eine Hommage\u00bb<\/h1>\n<h3>4\/5\/6 e 9\/11\/12\/13 d\u2019uost 2023<\/h3>\n<p><strong>Ausverkauft!<\/strong><\/p>\n<p>Cordial beinvegni el curtgin avon la Casa Fausta Capaul und geniessen Sie die szenisch-musikalische Freilichtauff\u00fchrung in eben diesem Garten &#8211; eine Veranstaltung der FAUSTA piuniera &#8211; eine Hommage.<\/p>\n<h3>Fotogalerie<\/h3>\n<p>ngg_shortcode_0_placeholder<br \/>\n<em>Fotos und Bildrechte: Larissa Cathomen &amp; David Cavegn\u2028, Bilder zur Verf\u00fcgung von Surselva Tourismus<\/em><\/p>\n<p>Die als Collage angelegte Inszenierung versteht sich als Ann\u00e4herung an die Person der &#8222;Fausta Capaul&#8220; und dem Dorf Brigels um die Jahrhundertwende. Gleichzeitig wagt das St\u00fcck auch einen Blick ins Heute und Morgen. Als Grundlage f\u00fcr die Inszenierung dienen historische Quellen sowie die G\u00e4steb\u00fccher aus der Gastst\u00e4tte &#8222;Fausta Capaul&#8220;. Las acturas ed ils acturs dall&#8217;uniun dramatica Breil dattan il toc per romontsch und spielen auf deutsch.<\/p>\n<p>Sichern Sie sich <strong>Ihr Ticket f\u00fcr die Freilichtauff\u00fchrungen<\/strong> &#8222;FAUSTA piuniera&#8220; unkompliziert via Online-Shop. <strong>Ausverkauft!<\/strong><\/p>\n<p>Termine: 4., 5., 6. sowie 9., 11., 12., 13. August mit <strong>Zusatzvorstellung<\/strong> am 9. August 2023<br \/>\nT\u00fcr\u00f6ffnung mit Festwirtschaft 19.00h \/ Beginn der Vorstellung 20.15h \/ Dauer der Vorstellung 75 Minuten<\/p>\n<p>&lt; <a href=\"https:\/\/focubreil.ch\/faustapiuniera\/hommage\/\">zur\u00fcck<\/a><\/p>","protected":false},"excerpt":{"rendered":"<p>\u00abFAUSTA piuniera &#8211; eine Hommage\u00bb 4\/5\/6 e 9\/11\/12\/13 d\u2019uost 2023 Ausverkauft! Cordial beinvegni el curtgin avon la Casa Fausta Capaul und geniessen Sie die szenisch-musikalische Freilichtauff\u00fchrung in eben diesem Garten &#8211; eine Veranstaltung der FAUSTA piuniera &#8211; eine Hommage. Fotogalerie Fotos und Bildrechte: Larissa Cathomen &amp; David Cavegn\u2028, Bilder zur Verf\u00fcgung von Surselva Tourismus Die [&hellip;]<\/p>\n","protected":false},"author":2,"featured_media":0,"parent":3984,"menu_order":4,"comment_status":"closed","ping_status":"closed","template":"","meta":{"ngg_post_thumbnail":0,"footnotes":""},"class_list":["post-4019","page","type-page","status-publish","hentry"],"_links":{"self":[{"href":"https:\/\/focubreil.ch\/de\/wp-json\/wp\/v2\/pages\/4019","targetHints":{"allow":["GET"]}}],"collection":[{"href":"https:\/\/focubreil.ch\/de\/wp-json\/wp\/v2\/pages"}],"about":[{"href":"https:\/\/focubreil.ch\/de\/wp-json\/wp\/v2\/types\/page"}],"author":[{"embeddable":true,"href":"https:\/\/focubreil.ch\/de\/wp-json\/wp\/v2\/users\/2"}],"replies":[{"embeddable":true,"href":"https:\/\/focubreil.ch\/de\/wp-json\/wp\/v2\/comments?post=4019"}],"version-history":[{"count":7,"href":"https:\/\/focubreil.ch\/de\/wp-json\/wp\/v2\/pages\/4019\/revisions"}],"predecessor-version":[{"id":4060,"href":"https:\/\/focubreil.ch\/de\/wp-json\/wp\/v2\/pages\/4019\/revisions\/4060"}],"up":[{"embeddable":true,"href":"https:\/\/focubreil.ch\/de\/wp-json\/wp\/v2\/pages\/3984"}],"wp:attachment":[{"href":"https:\/\/focubreil.ch\/de\/wp-json\/wp\/v2\/media?parent=4019"}],"curies":[{"name":"wp","href":"https:\/\/api.w.org\/{rel}","templated":true}]}}