{"id":4033,"date":"2024-01-11T17:13:47","date_gmt":"2024-01-11T16:13:47","guid":{"rendered":"https:\/\/focubreil.ch\/?page_id=4033"},"modified":"2024-01-12T09:47:42","modified_gmt":"2024-01-12T08:47:42","slug":"geschichte-fausta-capaul","status":"publish","type":"page","link":"https:\/\/focubreil.ch\/de\/faustapiuniera\/hommage\/geschichte-fausta-capaul\/","title":{"rendered":"Fausta Capaul: Der Tourismus der Gl\u00fcckbringenden"},"content":{"rendered":"<p><\/p>\n<h3>&nbsp;<\/h3>\n<h3>DIE TOURISMUS-PIONIERIN FAUSTA CAPAUL DAHEIM IN BRIGELS.<\/h3>\n<h2>Der Tourismus der Gl\u00fcckbringenden<\/h2>\n<p>Fausta Capaul holte vor 150 Jahren den Fremdenverkehr nach Brigels. Sie war eine echte Pionierin: mutig, geistreich und ihrer Zeit voraus. Heute ist der Tourismus aus der Surselva nicht mehr wegzudenken. Er ist fest verankert in der Region und in den Herzen der Menschen. Der Name Fausta stammt \u00fcbrigens aus dem Lateinischen und bedeutet die Gl\u00fcckbringende. Nomen est omen.<\/p>\n<p>Im Mai 1873 warb eine alleinstehende junge Frau, Fausta Capaul aus Brigels, im Wochenblatt \u00abder freie Rh\u00e4tier\u00bb f\u00fcr ihr neu er\u00f6ffnetes Gasthaus \u00abCasa Fausta Capaul\u00bb. Damals ein Novum und in einer m\u00e4nnerdominierten \u00c4ra eine mittlere Sensation. Im \u00abLuft- und Molken-Curort Brigels\u00bb habe sie ein ger\u00e4umiges Gasthaus f\u00fcr Fremde m\u00f6glichst komfortabel eingerichtet, hiess es im Inserat der damals 26-J\u00e4hrigen. Das bewarb den \u00abh\u00f6chst m\u00e4ssigen Preis von Fr. 5 per Tag\u00bb genauso wie die wunderbare Fernsicht, das gem\u00e4ssigte Klima und technische Errungenschaften wie \u00abdie neu erstellte Kunststrasse, ein Telegraphenbureau und die t\u00e4gliche Fahrpostverbindung mit Ilanz, Chur und Andermatt\u00bb. Die ersten G\u00e4ste liessen nicht lange auf sich warten. Sie reisten im Sommer 1873 an und Fausta Capaul lancierte mit ihrem Engagement den Tourismus in der heutigen Destination \u00abBrigels Waltensburg Andiast\u00bb und gewissermassen in der gesamten mittleren Surselva. Die emanzipierte Frau sicherte sich so auf Lebzeiten ihr Einkommen \u2013 und dar\u00fcber hinaus das von vielen folgenden Generationen.<\/p>\n<p>&nbsp;<\/p>\n<h3>TOURISMUS F\u00dcR DIE MENSCHEN<\/h3>\n<h2>BREIL\/BRIGELS \u2013 PURA. IDILLA.<\/h2>\n<p>Fast genau hundert Jahre nach dem historischen Inserat der Fausta Capaul wurden 1972 die \u00abBergbahnen Brigels, Waltensburg, Andiast\u00bb unter dem damaligen Namen \u00abP\u00e9z d\u2019Artgas SA\u00bb gegr\u00fcndet und nebst dem Sommer- auch der Wintertourismus im Bergdorf endg\u00fcltig etabliert. Mehrere Hotels wurden errichtet, die das Dorfbild nachhaltig pr\u00e4gten, ohne dass es an urspr\u00fcnglichem Charakter einb\u00fcssen musste. Mit dem Bau des Golfparks in Brigels im 2005 wurde wiederum das Sommerangebot ausgebaut und der Pfad eines nachhaltigen und sanften Tourismus weiterverfolgt.\u2028Heute verzeichnet die Tourismusdestination Surselva rund 195 000 Logiern\u00e4chte in Hotels, Pensionen und einem Ferienresort. Dazu kommen viele weitere Logiern\u00e4chte in Lagerh\u00e4usern und Zweitwohnungen und auf Campingpl\u00e4tzen. Alleine die Hotellerie und die Gastronomie besch\u00e4ftigen Hunderte Saison- und Jahresangestellte, die vollumf\u00e4nglich vom Tourismus leben. So wie einst Fausta Capaul, unsere Gl\u00fcckbringende. Aber das Gl\u00fcck erreicht nat\u00fcrlich nicht nur die, welche direkt vom Tourismus leben: Auch die Touristen selbst und Ein- und Zweitheimische aus anderen Branchen wissen die Vorteile der Destination durchaus zu sch\u00e4tzen. Was der Tourismus der mittleren Surselva f\u00fcr sie bedeutet und was sie damit verbinden, haben wir ein paar von ihnen gefragt. Und sie haben geantwortet. Ehrlich, direkt und frisch wie der junge Rhein. Was direkt auff\u00e4llt? Die G\u00e4ste von heute tragen \u00e4hnliche Erinnerungen mit nach Hause wie die G\u00e4ste von damals. Sch\u00f6ne n\u00e4mlich \u2013 von freundlichen Menschen und urt\u00fcmlicher Natur. Der Gymnasiallehrer und Gr\u00fcnder der \u00abLiterarischen Gesellschaft Bern\u00bb, Georg Finsler, vermerkte 1893 \u00fcber seine Ferien bei der Fausta: \u00abSie finden eine solche gem\u00fctliche Ecke, ein l\u00e4ndliches Wirtshaus mit aufmerksamer Bedienung, einen Ort, wo G\u00e4ste und Wirtsleute fast zu einer Familie zusammenwachsen, wo sch\u00f6ne Spazierg\u00e4nge rundum sich bieten, wo der Mensch alles findet, was er zur Erholung n\u00f6tig hat.\u00bb<\/p>\n<p>&lt; <a href=\"https:\/\/focubreil.ch\/faustapiuniera\/hommage\/\">zur\u00fcck<\/a><\/p>","protected":false},"excerpt":{"rendered":"<p>&nbsp; DIE TOURISMUS-PIONIERIN FAUSTA CAPAUL DAHEIM IN BRIGELS. Der Tourismus der Gl\u00fcckbringenden Fausta Capaul holte vor 150 Jahren den Fremdenverkehr nach Brigels. Sie war eine echte Pionierin: mutig, geistreich und ihrer Zeit voraus. Heute ist der Tourismus aus der Surselva nicht mehr wegzudenken. Er ist fest verankert in der Region und in den Herzen der [&hellip;]<\/p>\n","protected":false},"author":2,"featured_media":0,"parent":3984,"menu_order":4,"comment_status":"closed","ping_status":"closed","template":"","meta":{"ngg_post_thumbnail":0,"footnotes":""},"class_list":["post-4033","page","type-page","status-publish","hentry"],"_links":{"self":[{"href":"https:\/\/focubreil.ch\/de\/wp-json\/wp\/v2\/pages\/4033","targetHints":{"allow":["GET"]}}],"collection":[{"href":"https:\/\/focubreil.ch\/de\/wp-json\/wp\/v2\/pages"}],"about":[{"href":"https:\/\/focubreil.ch\/de\/wp-json\/wp\/v2\/types\/page"}],"author":[{"embeddable":true,"href":"https:\/\/focubreil.ch\/de\/wp-json\/wp\/v2\/users\/2"}],"replies":[{"embeddable":true,"href":"https:\/\/focubreil.ch\/de\/wp-json\/wp\/v2\/comments?post=4033"}],"version-history":[{"count":10,"href":"https:\/\/focubreil.ch\/de\/wp-json\/wp\/v2\/pages\/4033\/revisions"}],"predecessor-version":[{"id":4061,"href":"https:\/\/focubreil.ch\/de\/wp-json\/wp\/v2\/pages\/4033\/revisions\/4061"}],"up":[{"embeddable":true,"href":"https:\/\/focubreil.ch\/de\/wp-json\/wp\/v2\/pages\/3984"}],"wp:attachment":[{"href":"https:\/\/focubreil.ch\/de\/wp-json\/wp\/v2\/media?parent=4033"}],"curies":[{"name":"wp","href":"https:\/\/api.w.org\/{rel}","templated":true}]}}