{"id":458,"date":"2015-09-08T14:30:21","date_gmt":"2015-09-08T12:30:21","guid":{"rendered":"http:\/\/focubreil.ch.cassius.sui-inter.net\/wordpress\/?page_id=458"},"modified":"2020-02-12T15:06:12","modified_gmt":"2020-02-12T14:06:12","slug":"fatgs-historics-2","status":"publish","type":"page","link":"https:\/\/focubreil.ch\/de\/unsits-e-tradiziun\/fatgs-historics-2\/","title":{"rendered":"Geschichte"},"content":{"rendered":"<p><\/p>\n<div class=\"storycontent\">\n<p>15 v. Chr. erobern die R\u00f6mer unter anderem das heutige Graub\u00fcnden. Durch die darauffolgende Romanisierung vermischen sich die hier ans\u00e4ssigen Sprachen mit dem Volkslatein der R\u00f6mer. Daraus entsteht ein Vulg\u00e4rlatein r\u00e4\u00f6tischer Pr\u00e4gung, das allm\u00e4hlich zum heutigen R\u00e4toromanischen entwickelt.<br \/>\n1464 zerst\u00f6rt ein Brand grosse Teile der Stadt Chur. Der Wiederaufbau erfolgt gr\u00f6sstenteils mit Hilfe deutschsprachigen Handwerkern, die die Stadt in der Folge germanisieren. Seines sprachlich-kulturellen Zentrums beraubt, zersplittert das R\u00e4toromanische in regional unterschiedliche Dialekte, die mit der Verschriftlichung standardisiert werden. So besteht das R\u00e4toromanische heute aus f\u00fcnf standardisierten Idiomen: Surselvisch, Sutselvisch, Surmeirisch, Puter und Vallader.<\/p>\n<p>Graub\u00fcnden ist als einziger Schweizer Kanton dreisprachig. In der Volksz\u00e4hlung aus dem Jahre 2\u2019000 erkl\u00e4rten 68,3 % der 187\u2019058 Einwohner Graub\u00fcndens, Deutsch sei ihre bestbeherrschte Sprache, f\u00fcr 14,5 % war es das Romanische und f\u00fcr 10,2 % das Italienische. Wenn man diese Zahlen mit den Zahlen fr\u00fcherer Volksz\u00e4hlungen vergleicht, erkennt man den dramatischen R\u00fcckgang des R\u00e4toromanischen. 1880 bezeichneten noch 39.8 % der Einwohner Graub\u00fcndens Romanisch als ihre Muttersprache, 1980 waren es nur noch 21.9 %.<\/p>\n<p>&nbsp;<\/p>\n<h2>Das Rumantsch Grischun<\/h2>\n<p>Die alarmierenden Resultate der Volksz\u00e4hlung von 1980 waren der Ausgangspunkt f\u00fcr die Lia Rumantscha, um ein neues Konzept zur Erhaltung und F\u00f6rderung des Romanischen zu erarbeiten. Ein unabdingbares Bestandteil dieses Konzeptes war die Schaffung einer \u00fcberregionalen romanischen Standartsprache. Im Auftrag der Lia Rumantscha erarbeitete der Z\u00fcrcher Romanist Heinrich Schmid <em>die Richtlinien f\u00fcr die Gestaltung einer gesamtb\u00fcndnerischen Schriftsprache Rumantsch Grischun<\/em> und pr\u00e4sentierte diese im Jahre 1982. Seit 1996 ist das RG Amtssprache des Bundes f\u00fcr den amtlichen Verkehr mit romanischen Personen und Institutionen. Seit 2001 ist das RG auch die kantonale romanische Amtssprache. In den Schulen und im Alltag hatte RG von Anfang an einen schweren Stand. Das Rumantsch Grischun konnte den weiteren R\u00fcckgang des R\u00e4toromanischen nicht aufhalten.<\/p>\n<p><em>Cudischet da Breil\/Brigels, 2005 \/ Lia Rumantscha 2004<\/em><\/p>\n<\/div>\n<p><\/p>","protected":false},"excerpt":{"rendered":"<p>15 v. Chr. erobern die R\u00f6mer unter anderem das heutige Graub\u00fcnden. Durch die darauffolgende Romanisierung vermischen sich die hier ans\u00e4ssigen Sprachen mit dem Volkslatein der R\u00f6mer. Daraus entsteht ein Vulg\u00e4rlatein r\u00e4\u00f6tischer Pr\u00e4gung, das allm\u00e4hlich zum heutigen R\u00e4toromanischen entwickelt. 1464 zerst\u00f6rt ein Brand grosse Teile der Stadt Chur. Der Wiederaufbau erfolgt gr\u00f6sstenteils mit Hilfe deutschsprachigen Handwerkern, [&hellip;]<\/p>\n","protected":false},"author":3,"featured_media":0,"parent":10,"menu_order":1,"comment_status":"open","ping_status":"open","template":"","meta":{"ngg_post_thumbnail":0,"footnotes":""},"class_list":["post-458","page","type-page","status-publish","hentry"],"_links":{"self":[{"href":"https:\/\/focubreil.ch\/de\/wp-json\/wp\/v2\/pages\/458","targetHints":{"allow":["GET"]}}],"collection":[{"href":"https:\/\/focubreil.ch\/de\/wp-json\/wp\/v2\/pages"}],"about":[{"href":"https:\/\/focubreil.ch\/de\/wp-json\/wp\/v2\/types\/page"}],"author":[{"embeddable":true,"href":"https:\/\/focubreil.ch\/de\/wp-json\/wp\/v2\/users\/3"}],"replies":[{"embeddable":true,"href":"https:\/\/focubreil.ch\/de\/wp-json\/wp\/v2\/comments?post=458"}],"version-history":[{"count":9,"href":"https:\/\/focubreil.ch\/de\/wp-json\/wp\/v2\/pages\/458\/revisions"}],"predecessor-version":[{"id":2540,"href":"https:\/\/focubreil.ch\/de\/wp-json\/wp\/v2\/pages\/458\/revisions\/2540"}],"up":[{"embeddable":true,"href":"https:\/\/focubreil.ch\/de\/wp-json\/wp\/v2\/pages\/10"}],"wp:attachment":[{"href":"https:\/\/focubreil.ch\/de\/wp-json\/wp\/v2\/media?parent=458"}],"curies":[{"name":"wp","href":"https:\/\/api.w.org\/{rel}","templated":true}]}}