{"id":6,"date":"2015-08-10T09:42:42","date_gmt":"2015-08-10T07:42:42","guid":{"rendered":"http:\/\/focubreil.ch.cassius.sui-inter.net\/wordpress\/?page_id=6"},"modified":"2024-02-14T19:00:02","modified_gmt":"2024-02-14T18:00:02","slug":"uniun","status":"publish","type":"page","link":"https:\/\/focubreil.ch\/de\/uniun\/","title":{"rendered":"Verein"},"content":{"rendered":"<p>Der Verein Forum cultural Vischnaunca da Breil wurde am 2. Juni 2010 gegr\u00fcndet.<\/p>\n<p>Der Forum cultural hat das Ziel, alle Arbeiten und Anstrengungen, die sich mit der Kultur in den D\u00f6rfern Breil, Dardin und Danis-Tavanasa besch\u00e4ftigen, zu unterst\u00fctzen.<\/p>\n<p>Die Aktivit\u00e4ten umfassen:<\/p>\n<ul>\n<li>die Lokalgeschichte,<\/li>\n<li>die Pflege und Erhaltung der romanischen Sprache,<\/li>\n<li>Ausstellungen, Auff\u00fchrungen und Vortr\u00e4ge,<\/li>\n<li>Br\u00e4uche und Traditionen,<\/li>\n<li>Kunst und Kunsthandwerk,<\/li>\n<li>Geb\u00e4ude und Pl\u00e4tze von historischer Bedeutung.<\/li>\n<\/ul>\n<p>Wenn auch Sie den Forum cultural unterst\u00fctzen wollen, sind sie als Mitglied oder G\u00f6nner sehr willkommen.<\/p>\n<p><a href=\"http:\/\/focubreil.ch\/uniun\/commembradi\/\">Klicken Sie bitte hier.<\/a><\/p>","protected":false},"excerpt":{"rendered":"<p>Der Verein Forum cultural Vischnaunca da Breil wurde am 2. Juni 2010 gegr\u00fcndet. Der Forum cultural hat das Ziel, alle Arbeiten und Anstrengungen, die sich mit der Kultur in den D\u00f6rfern Breil, Dardin und Danis-Tavanasa besch\u00e4ftigen, zu unterst\u00fctzen. Die Aktivit\u00e4ten umfassen: die Lokalgeschichte, die Pflege und Erhaltung der romanischen Sprache, Ausstellungen, Auff\u00fchrungen und Vortr\u00e4ge, Br\u00e4uche [&hellip;]<\/p>\n","protected":false},"author":1,"featured_media":0,"parent":0,"menu_order":1,"comment_status":"open","ping_status":"open","template":"","meta":{"ngg_post_thumbnail":0,"footnotes":""},"class_list":["post-6","page","type-page","status-publish","hentry"],"_links":{"self":[{"href":"https:\/\/focubreil.ch\/de\/wp-json\/wp\/v2\/pages\/6","targetHints":{"allow":["GET"]}}],"collection":[{"href":"https:\/\/focubreil.ch\/de\/wp-json\/wp\/v2\/pages"}],"about":[{"href":"https:\/\/focubreil.ch\/de\/wp-json\/wp\/v2\/types\/page"}],"author":[{"embeddable":true,"href":"https:\/\/focubreil.ch\/de\/wp-json\/wp\/v2\/users\/1"}],"replies":[{"embeddable":true,"href":"https:\/\/focubreil.ch\/de\/wp-json\/wp\/v2\/comments?post=6"}],"version-history":[{"count":92,"href":"https:\/\/focubreil.ch\/de\/wp-json\/wp\/v2\/pages\/6\/revisions"}],"predecessor-version":[{"id":4088,"href":"https:\/\/focubreil.ch\/de\/wp-json\/wp\/v2\/pages\/6\/revisions\/4088"}],"wp:attachment":[{"href":"https:\/\/focubreil.ch\/de\/wp-json\/wp\/v2\/media?parent=6"}],"curies":[{"name":"wp","href":"https:\/\/api.w.org\/{rel}","templated":true}]}}