{"id":62,"date":"2015-08-17T08:50:07","date_gmt":"2015-08-17T06:50:07","guid":{"rendered":"http:\/\/focubreil.ch.cassius.sui-inter.net\/wordpress\/?page_id=62"},"modified":"2024-04-05T08:16:05","modified_gmt":"2024-04-05T06:16:05","slug":"commembradi","status":"publish","type":"page","link":"https:\/\/focubreil.ch\/de\/uniun\/commembradi\/","title":{"rendered":"Mitgliedschaft"},"content":{"rendered":"<p>Jede Person, welche Interesse an die lokale Kultur hat sowie insbesondere die Einwohner von Brigels, Dardin und Danis-Tavanasa sind herzlich eingeladen, Mitglied des FOCU zu werden.<\/p>\n<p><strong>Mitgliedschaft<\/strong><\/p>\n<p>Der Jahresbeitrag f\u00fcr Mitglieder betr\u00e4gt CHF 30.\u2013.<\/p>\n<p>Raiffeisenbank Surselva<br \/>\n7130 Ilanz<br \/>\nIBAN CH19 8080 8006 7821 2607 8<\/p>\n<p><strong>G\u00f6nnerbeitrag<\/strong><\/p>\n<p>Wenn Sie uns mit einem G\u00f6nnerbeitrag unterst\u00fctzen m\u00f6chten, gelten die gleichen Angaben.<\/p>\n<p>Engraziel fetg &#8211; Besten Dank!<\/p>\n<p>&nbsp;<\/p>\n<h2>&nbsp;<\/h2>\n<p>&nbsp;<\/p>\n<p>&nbsp;<\/p>","protected":false},"excerpt":{"rendered":"<p>Jede Person, welche Interesse an die lokale Kultur hat sowie insbesondere die Einwohner von Brigels, Dardin und Danis-Tavanasa sind herzlich eingeladen, Mitglied des FOCU zu werden. Mitgliedschaft Der Jahresbeitrag f\u00fcr Mitglieder betr\u00e4gt CHF 30.\u2013. Raiffeisenbank Surselva 7130 Ilanz IBAN CH19 8080 8006 7821 2607 8 G\u00f6nnerbeitrag Wenn Sie uns mit einem G\u00f6nnerbeitrag unterst\u00fctzen m\u00f6chten, gelten [&hellip;]<\/p>\n","protected":false},"author":1,"featured_media":0,"parent":6,"menu_order":3,"comment_status":"open","ping_status":"open","template":"","meta":{"ngg_post_thumbnail":0,"footnotes":""},"class_list":["post-62","page","type-page","status-publish","hentry"],"_links":{"self":[{"href":"https:\/\/focubreil.ch\/de\/wp-json\/wp\/v2\/pages\/62","targetHints":{"allow":["GET"]}}],"collection":[{"href":"https:\/\/focubreil.ch\/de\/wp-json\/wp\/v2\/pages"}],"about":[{"href":"https:\/\/focubreil.ch\/de\/wp-json\/wp\/v2\/types\/page"}],"author":[{"embeddable":true,"href":"https:\/\/focubreil.ch\/de\/wp-json\/wp\/v2\/users\/1"}],"replies":[{"embeddable":true,"href":"https:\/\/focubreil.ch\/de\/wp-json\/wp\/v2\/comments?post=62"}],"version-history":[{"count":20,"href":"https:\/\/focubreil.ch\/de\/wp-json\/wp\/v2\/pages\/62\/revisions"}],"predecessor-version":[{"id":4150,"href":"https:\/\/focubreil.ch\/de\/wp-json\/wp\/v2\/pages\/62\/revisions\/4150"}],"up":[{"embeddable":true,"href":"https:\/\/focubreil.ch\/de\/wp-json\/wp\/v2\/pages\/6"}],"wp:attachment":[{"href":"https:\/\/focubreil.ch\/de\/wp-json\/wp\/v2\/media?parent=62"}],"curies":[{"name":"wp","href":"https:\/\/api.w.org\/{rel}","templated":true}]}}