{"id":72,"date":"2015-08-17T08:53:37","date_gmt":"2015-08-17T06:53:37","guid":{"rendered":"http:\/\/focubreil.ch.cassius.sui-inter.net\/wordpress\/?page_id=72"},"modified":"2023-03-28T14:17:25","modified_gmt":"2023-03-28T12:17:25","slug":"nums-locals","status":"publish","type":"page","link":"https:\/\/focubreil.ch\/de\/natira-e-cuntrada\/nums-locals\/","title":{"rendered":"Flurnamen"},"content":{"rendered":"<p>La vischnaunca da Breil sesanfla il pli&nbsp;egl ost dallas vischnauncas dalla Cadi. Da vart dretga dalla riva dil Rein s&#8217;extenda il territori communal sur ina sdrema teissa entochen sin la planira dalla vischnaunca da Sursaissa. Da vart seniastra dil Rein tonscha el dil funs dalla val sur las spundas suleglivas entochen al sparta-auas dil Pass Lembra.<br \/>\nLas differenzas d&#8217;altezia enteifer il territori communal ein considerablas. Il terren agricol al Rein situaus il pli bass sesanfla sin strusch 800 m s. m. Ils praus ils pli aults contonschan al pei dall&#8217;Alp Quader in&#8217;altezia da bunamein 1&#8217;800 m. Ils pli aults p\u00e9zs &#8211; P\u00e9z Tumpiv, P\u00e9z Cavistrau, P\u00e9z Frisal e P\u00e9z Durschin&nbsp; &#8211; contonschan in&#8217;altezia da varga 3&#8217;000 m.<br \/>\nLa surfatscha communala mesira varga 5&#8217;000 ha. Quellas serepartan sin ca. 700 ha terren agricol, 1&#8217;100 ha uaul e caglioma, 1&#8217;600 ha alps e pastiras e tuttina bia terren cun cuolms, pezza e garveras.<br \/>\nElla carta cheu sut ein ils varga 1&#8217;000 nums locals sin territori da vischnaunca d&#8217;anflar.<\/p>\n<p>Clichescha el quadrat sisum dretg!<\/p>\n<p><a href=\"https:\/\/www.google.com\/maps\/d\/viewer?mid=1F0ljR8YKISZ-8dAWtXdM9FnwGzs&amp;ll=46.81179477306924%2C9.055453499999999&amp;z=12\"><iframe loading=\"lazy\" src=\"https:\/\/www.google.com\/maps\/d\/embed?mid=1F0ljR8YKISZ-8dAWtXdM9FnwGzs\" width=\"500\" height=\"440\"><\/iframe><\/a><\/p>","protected":false},"excerpt":{"rendered":"<p>La vischnaunca da Breil sesanfla il pli&nbsp;egl ost dallas vischnauncas dalla Cadi. Da vart dretga dalla riva dil Rein s&#8217;extenda il territori communal sur ina sdrema teissa entochen sin la planira dalla vischnaunca da Sursaissa. Da vart seniastra dil Rein tonscha el dil funs dalla val sur las spundas suleglivas entochen al sparta-auas dil Pass [&hellip;]<\/p>\n","protected":false},"author":1,"featured_media":0,"parent":16,"menu_order":1,"comment_status":"open","ping_status":"open","template":"","meta":{"ngg_post_thumbnail":0,"footnotes":""},"class_list":["post-72","page","type-page","status-publish","hentry"],"_links":{"self":[{"href":"https:\/\/focubreil.ch\/de\/wp-json\/wp\/v2\/pages\/72","targetHints":{"allow":["GET"]}}],"collection":[{"href":"https:\/\/focubreil.ch\/de\/wp-json\/wp\/v2\/pages"}],"about":[{"href":"https:\/\/focubreil.ch\/de\/wp-json\/wp\/v2\/types\/page"}],"author":[{"embeddable":true,"href":"https:\/\/focubreil.ch\/de\/wp-json\/wp\/v2\/users\/1"}],"replies":[{"embeddable":true,"href":"https:\/\/focubreil.ch\/de\/wp-json\/wp\/v2\/comments?post=72"}],"version-history":[{"count":23,"href":"https:\/\/focubreil.ch\/de\/wp-json\/wp\/v2\/pages\/72\/revisions"}],"predecessor-version":[{"id":3320,"href":"https:\/\/focubreil.ch\/de\/wp-json\/wp\/v2\/pages\/72\/revisions\/3320"}],"up":[{"embeddable":true,"href":"https:\/\/focubreil.ch\/de\/wp-json\/wp\/v2\/pages\/16"}],"wp:attachment":[{"href":"https:\/\/focubreil.ch\/de\/wp-json\/wp\/v2\/media?parent=72"}],"curies":[{"name":"wp","href":"https:\/\/api.w.org\/{rel}","templated":true}]}}