{"id":8,"date":"2015-08-10T09:43:10","date_gmt":"2015-08-10T07:43:10","guid":{"rendered":"http:\/\/focubreil.ch.cassius.sui-inter.net\/wordpress\/?page_id=8"},"modified":"2023-03-31T18:40:39","modified_gmt":"2023-03-31T16:40:39","slug":"lungatg-e-litteratura","status":"publish","type":"page","link":"https:\/\/focubreil.ch\/de\/lungatg-e-litteratura\/","title":{"rendered":"Kultur"},"content":{"rendered":"<p><\/p>\n<p class=\"p1\">Die romanische Kultur in der Surselva ist prinzipiell eine alpine Kultur, typisch auch f\u00fcr diverse andere Alpenregionen, getragen zum gr\u00f6ssten Teil von Laien in ihrer Freizeit. In der Surselva findet man also haupts\u00e4chlich die popul\u00e4re und nicht die elit\u00e4re oder profssionelle Kultur. Die Typischen Elemente dieser Kultur sind: der Gesang, die Musik, die Br\u00e4uche, das Theater, die Literatur und die sogennante \u201eallt\u00e4gliche\u201c Kultur, die sich in Ritualen, Freizeit und Sport manifestiert.<\/p>\n<p>Der Gesang, sei er kirchlich oder weltlich, in kleinen oder grossen M\u00e4nner-, Frauen-, oder gemischten Ch\u00f6ren, ist der am weitesten entwickelte und wichtigste Ausdruck der romanischen Kultur in der Surselva. Die Blasmusikgesellschaften, auch wenn sie (wie die Ch\u00f6re) unter einem gewissen R\u00fcckgang leiden, kann man an weltlichen wie kirchlichen Festen h\u00f6ren. Wie die Ch\u00f6re und die Musikgesellschaften sind auch eine Reihe von Br\u00e4uchen vor allem vom katholischen Kirchenjahr gepr\u00e4gt. Auch wenn die Kirche ihre einstige Rolle verloren hat, hat sie trotzdem noch ihre Wichtigkeit, denken wir nur an die Prozessionen mit Chorgesang, Blasmusik und Jungmannschaft. Auch der Brauch, das Kirchweihfest, den Alpabzug, Sankt Nikolaus und das Dreik\u00f6nigsfest zu feiern, ist ein Anzeichen daf\u00fcr. Das Scheibenschlagen am ersten Samstag in der Fastenzeit findet immer noch in Danis und Dardin statt. Hingegen ist die Fasnacht ein relativ junger Brauch. Eine gewisse innovative Entwicklung sehen wir beim Theater.<\/p>\n<p class=\"p1\">Die Kulturtrends bei den Jugendlichen sind die gleichen wie anderswo; die Globalisierung zeigt sich auch in der Kleidung, in der Musik, im Sport, in der Sprache und in der Art, wie man lebt und denkt.<\/p>\n<p class=\"p1\" style=\"text-align: right;\"><em>Cudischet da Breil\/Brigels, 2005 \/ M. Tschuor<\/em><\/p>\n<p><\/p>","protected":false},"excerpt":{"rendered":"<p>Die romanische Kultur in der Surselva ist prinzipiell eine alpine Kultur, typisch auch f\u00fcr diverse andere Alpenregionen, getragen zum gr\u00f6ssten Teil von Laien in ihrer Freizeit. In der Surselva findet man also haupts\u00e4chlich die popul\u00e4re und nicht die elit\u00e4re oder profssionelle Kultur. Die Typischen Elemente dieser Kultur sind: der Gesang, die Musik, die Br\u00e4uche, das [&hellip;]<\/p>\n","protected":false},"author":1,"featured_media":0,"parent":0,"menu_order":2,"comment_status":"open","ping_status":"closed","template":"","meta":{"ngg_post_thumbnail":0,"footnotes":""},"class_list":["post-8","page","type-page","status-publish","hentry"],"_links":{"self":[{"href":"https:\/\/focubreil.ch\/de\/wp-json\/wp\/v2\/pages\/8","targetHints":{"allow":["GET"]}}],"collection":[{"href":"https:\/\/focubreil.ch\/de\/wp-json\/wp\/v2\/pages"}],"about":[{"href":"https:\/\/focubreil.ch\/de\/wp-json\/wp\/v2\/types\/page"}],"author":[{"embeddable":true,"href":"https:\/\/focubreil.ch\/de\/wp-json\/wp\/v2\/users\/1"}],"replies":[{"embeddable":true,"href":"https:\/\/focubreil.ch\/de\/wp-json\/wp\/v2\/comments?post=8"}],"version-history":[{"count":40,"href":"https:\/\/focubreil.ch\/de\/wp-json\/wp\/v2\/pages\/8\/revisions"}],"predecessor-version":[{"id":3349,"href":"https:\/\/focubreil.ch\/de\/wp-json\/wp\/v2\/pages\/8\/revisions\/3349"}],"wp:attachment":[{"href":"https:\/\/focubreil.ch\/de\/wp-json\/wp\/v2\/media?parent=8"}],"curies":[{"name":"wp","href":"https:\/\/api.w.org\/{rel}","templated":true}]}}