{"id":904,"date":"2015-10-16T20:36:42","date_gmt":"2015-10-16T18:36:42","guid":{"rendered":"http:\/\/focubreil.ch.cassius.sui-inter.net\/wordpress\/?page_id=904"},"modified":"2021-06-26T11:26:29","modified_gmt":"2021-06-26T09:26:29","slug":"arno-camenisch","status":"publish","type":"page","link":"https:\/\/focubreil.ch\/de\/unsits-e-tradiziun\/persunalitads\/arno-camenisch\/","title":{"rendered":"Arno Camenisch"},"content":{"rendered":"<p><\/p>\n<table style=\"width: 480px; height: 299px;\">\n<tbody>\n<tr>\n<td><a href=\"http:\/\/focubreil.ch.cassius.sui-inter.net\/wordpress\/wp-content\/uploads\/2015\/10\/Arno-C.jpg\"><img loading=\"lazy\" decoding=\"async\" class=\"alignnone  wp-image-910\" src=\"http:\/\/focubreil.ch.cassius.sui-inter.net\/wordpress\/wp-content\/uploads\/2015\/10\/Arno-C.jpg\" alt=\"Arno C\" width=\"203\" height=\"271\" srcset=\"https:\/\/focubreil.ch\/wordpress\/wp-content\/uploads\/2015\/10\/Arno-C.jpg 450w, https:\/\/focubreil.ch\/wordpress\/wp-content\/uploads\/2015\/10\/Arno-C-225x300.jpg 225w\" sizes=\"auto, (max-width: 203px) 100vw, 203px\" \/><\/a><\/td>\n<td>naschius 1978 a Tavanasa<br \/>\nscolas a Danis-Tavanasa<br \/>\nseminari da scolasts a Cuera<br \/>\nius empau pil mund entuorn<br \/>\ndau scola a Madrid<br \/>\nstudegiau litteratura a Biel<br \/>\nscriva per tudestg e romontsch<br \/>\novras:<br \/>\n&#8211; Ernesto ed autras manzegnas<br \/>\n&#8211; S\u00e9z ner<br \/>\n&#8211; Hinter dem Bahnhof<br \/>\n&#8211; Ustrinkata<br \/>\n&#8211; Fred und Franz<br \/>\n&#8211; Flurs dil di<br \/>\n&#8211; N\u00e4chster Halt auf Verlangen<br \/>\n&#8211; Die Kur<\/td>\n<\/tr>\n<\/tbody>\n<\/table>\n<p>Protocol, sagt mein Bruder. Bis wir durchs ganze Dorf sind, haben wir f\u00fcnfundzwanzig H\u00e4user gez\u00e4hlt, acht Heustalls, eine Autogarascha, eine T\u00f6ffgarascha, den Bahnhof mit der Poscht, zwei Brunnen mit Jahreszahl, die Halla und die Buda vom Tat, eine Telefoncabina, den Kiosk der Mena und vier Abfallconteiners. Als wir angelangt sind am anderen Dorfrand, gehen wir nochmals durchs Dorf und z\u00e4hlen die Leute, die im Dorf wohnen. Nicht z\u00e4hlen d\u00fcrfen wir die Marionna vom Dorfladen, die nicht im Dorf wohnt, und auch nicht den Tonimaissen, der am Bahnhofschalter steht, aber auch nicht im Dorf wohnt. Es hat einundvierzig oder zweiundvierzig Einwohner. Wir wissen nicht ob der Tini Blutt ein Mensch ist oder zwei. Das m\u00fcssen wir noch herausfinden. Es hat im Dorf das Restorant Crusch Alva, wo die Silvana wohnt, das Restorant Bahnhof in der Mitte, das zu ist, und das Restorant Helvezia. Die Helvezia ist von meiner Tante. Es hat den Dorfladen der Marionna, den Usego vom Gion Bi, den Schrubasladen vom Giacasep, den Bec und den Cuaffeur.<\/p>\n<p><em>Hinter dem Bahnhof\u00a0 (2010)<\/em><\/p>\n<p>&nbsp;<\/p>\n<p>&nbsp;<\/p>\n<p>&nbsp;<\/p>\n<p>&nbsp;<\/p>\n<p>&nbsp;<\/p>\n<p>&nbsp;<\/p>\n<p>&nbsp;<\/p>\n<p>&nbsp;<\/p>","protected":false},"excerpt":{"rendered":"<p>naschius 1978 a Tavanasa scolas a Danis-Tavanasa seminari da scolasts a Cuera ius empau pil mund entuorn dau scola a Madrid studegiau litteratura a Biel scriva per tudestg e romontsch ovras: &#8211; Ernesto ed autras manzegnas &#8211; S\u00e9z ner &#8211; Hinter dem Bahnhof &#8211; Ustrinkata &#8211; Fred und Franz &#8211; Flurs dil di &#8211; N\u00e4chster [&hellip;]<\/p>\n","protected":false},"author":3,"featured_media":0,"parent":70,"menu_order":1,"comment_status":"open","ping_status":"open","template":"","meta":{"ngg_post_thumbnail":0,"footnotes":""},"class_list":["post-904","page","type-page","status-publish","hentry"],"_links":{"self":[{"href":"https:\/\/focubreil.ch\/de\/wp-json\/wp\/v2\/pages\/904","targetHints":{"allow":["GET"]}}],"collection":[{"href":"https:\/\/focubreil.ch\/de\/wp-json\/wp\/v2\/pages"}],"about":[{"href":"https:\/\/focubreil.ch\/de\/wp-json\/wp\/v2\/types\/page"}],"author":[{"embeddable":true,"href":"https:\/\/focubreil.ch\/de\/wp-json\/wp\/v2\/users\/3"}],"replies":[{"embeddable":true,"href":"https:\/\/focubreil.ch\/de\/wp-json\/wp\/v2\/comments?post=904"}],"version-history":[{"count":12,"href":"https:\/\/focubreil.ch\/de\/wp-json\/wp\/v2\/pages\/904\/revisions"}],"predecessor-version":[{"id":2977,"href":"https:\/\/focubreil.ch\/de\/wp-json\/wp\/v2\/pages\/904\/revisions\/2977"}],"up":[{"embeddable":true,"href":"https:\/\/focubreil.ch\/de\/wp-json\/wp\/v2\/pages\/70"}],"wp:attachment":[{"href":"https:\/\/focubreil.ch\/de\/wp-json\/wp\/v2\/media?parent=904"}],"curies":[{"name":"wp","href":"https:\/\/api.w.org\/{rel}","templated":true}]}}